{"id":95,"date":"2022-01-27T10:58:29","date_gmt":"2022-01-27T10:58:29","guid":{"rendered":"http:\/\/cognito.mprinsdesign.nl\/?page_id=95"},"modified":"2023-07-10T15:35:48","modified_gmt":"2023-07-10T15:35:48","slug":"komplex","status":"publish","type":"page","link":"https:\/\/higueron-estates.com\/cs\/komplex\/","title":{"rendered":"Higueron Resorts"},"content":{"rendered":"<section class=\"wpb-content-wrapper\"><div  class=\"content_row row page-content vc_row wpb_row  default-style fullwidth\" >\n\t\n\t<div class=\"content_row_wrapper  default\" >\n\t<div id=\"asdasd\" class=\"vc_col-sm-12 wpb_column vc_column_container\" >\n\t<div class=\"vc_column-inner\">\n\t\t<div class=\"wpb_wrapper\" >\n\t\t\t<div class=\"rt_heading_wrapper no-style\">\n\t\t\t\t\t\t<h1 class=\"rt_heading  no-style\"  style=\"font-size:24px;margin-top:24px;margin-bottom:0px;\">Higueron Resorts \u2013 <span class=\"after_h1\">Bydlen\u00ed v luxusu na pob\u0159e\u017e\u00ed Costa del Sol<\/span><\/h1> \n\t\t\t\t\t<\/div><div class=\"vc_empty_space\"   style=\"height: 32px\"><span class=\"vc_empty_space_inner\"><\/span><\/div><div class=\"vc_separator wpb_content_element vc_separator_align_center vc_sep_width_100 vc_sep_style-4 vc_sep_pos_align_center vc_separator_no_text vc_sep_color_grey\" ><span class=\"vc_sep_holder vc_sep_holder_l\"><span class=\"vc_sep_line\"><\/span><\/span><span class=\"vc_sep_holder vc_sep_holder_r\"><span class=\"vc_sep_line\"><\/span><\/span>\n<\/div><div class=\"vc_empty_space\"   style=\"height: 32px\"><span class=\"vc_empty_space_inner\"><\/span><\/div>\n\t<div class=\"wpb_text_column wpb_content_element\" >\n\t\t<div class=\"wpb_wrapper\">\n\t\t\t<div class=\"\">\n<p><b>Higuer\u00f3n Resorts \u2013 bydlen\u00ed v neb\u00fdval\u00e9m luxusu v prvot\u0159\u00eddn\u00ed lokalit\u011b<\/b><\/p>\n<p><span style=\"font-weight: 400;\">Oblast mezi Fuengirolou a Benalm\u00e1denou se nach\u00e1z\u00ed na pob\u0159e\u017e\u00ed Costa del Sol v ji\u017en\u00edm \u0160pan\u011blsku a je zn\u00e1m\u00e1 sv\u00fdmi kr\u00e1sn\u00fdmi pl\u00e1\u017eemi, malebn\u00fdmi vesni\u010dkami a ru\u0161n\u00fdm no\u010dn\u00edm \u017eivotem. Oblast je obl\u00edben\u00e1 turisty z cel\u00e9ho sv\u011bta a nab\u00edz\u00ed \u0161irokou \u0161k\u00e1lu aktivit a atrakc\u00ed pro n\u00e1v\u0161t\u011bvn\u00edky v\u0161ech v\u011bkov\u00fdch kategori\u00ed.<\/span><\/p>\n<p><span style=\"font-weight: 400;\">Zde je celkov\u00fd p\u0159ehled dostupn\u00fdch vlastnick\u00fdch nemovitost\u00ed v\u0161ech letovisek Higuer\u00f3n na pob\u0159e\u017e\u00ed mezi Fuengirolou a Benalm\u00e1denou<\/span><\/p>\n<p><span style=\"font-weight: 400;\">Reziden\u010dn\u00ed st\u0159ediska Higuer\u00f3n jsou velmi vyhled\u00e1van\u00fdmi novinkami na pob\u0159e\u017e\u00ed Costa del Sol d\u00edky sv\u00e9 vynikaj\u00edc\u00ed poloze, vysok\u00e9 kvalit\u011b a jedine\u010dn\u00e9 hodnot\u011b za pen\u00edze. To vedlo k velk\u00e9 oblib\u011b u kupuj\u00edc\u00edch a projekty Higueron jsou nejprod\u00e1van\u011bj\u0161\u00edmi novostavbami na pob\u0159e\u017e\u00ed. Prvn\u00ed projekt,<b> Higueron West<\/b>, je ji\u017e vyprod\u00e1no a jeho hodnota se p\u0159i dod\u00e1n\u00ed enormn\u011b zv\u00fd\u0161ila. Zde jsou k dispozici pouze nemovitosti k prodeji. <\/span><\/p>\n<p><span style=\"font-weight: 400;\">Dal\u0161\u00ed projekty bydlen\u00ed Higueron jsou st\u00e1le k dispozici:\u00a0 <b>Aura Higueron<\/b> \u2013 72 modern\u00edch apartm\u00e1n\u016f a penthous\u016f v kopc\u00edch s v\u00fdhledem na mo\u0159e, <b>Villa Higueron<\/b> \u2013 26 modern\u00edch 3-4 lo\u017enicov\u00fdch vil s baz\u00e9nem a v\u00fdhledem na mo\u0159e, Lomas del Higuer\u00f3n \u2013 , Higuer\u00f3n Valley, Higuer\u00f3n South a Higueron Beach. Ty nab\u00edzej\u00ed \u0161irokou \u0161k\u00e1lu typ\u016f bydlen\u00ed, od sou\u010dasn\u00fdch byt\u016f a st\u0159e\u0161n\u00edch byt\u016f a\u017e po prostorn\u00e9 vily a m\u011bstsk\u00e9 domy, z nich\u017e ka\u017ed\u00fd m\u00e1 sv\u00e9 vlastn\u00ed jedine\u010dn\u00e9 vlastnosti a vybaven\u00ed. Na tomto webu najdete p\u0159ehled v\u0161ech dostupn\u00fdch projekt\u016f Higuer\u00f3n.<\/span><\/p>\n<\/div>\n<p><strong>Pro\u010d si vybrat nemovitost v n\u011bkter\u00e9m z Higueron resort\u016f?<\/strong><\/p>\n<ul>\n<li><strong>Kr\u00e1sn\u00e1 lokalita<\/strong>: St\u0159edisko m\u00e1 kr\u00e1snou polohu pobl\u00ed\u017e pob\u0159e\u017e\u00ed mezi Fuengirolou a Benalm\u00e1denou na pob\u0159e\u017e\u00ed Costa del Sol. To znamen\u00e1, \u017ee obyvatel\u00e9 si mohou u\u017e\u00edvat n\u00e1dhern\u00e9 klima, kr\u00e1sn\u00e9 pl\u00e1\u017ee a mnoho rekrea\u010dn\u00edch p\u0159\u00edle\u017eitost\u00ed v t\u00e9to oblasti.<\/li>\n<li><strong>Luxusn\u00ed vybaven\u00ed:<\/strong> Resort Higuer\u00f3n nab\u00edz\u00ed luxusn\u00ed vybaven\u00ed, jako jsou l\u00e1zn\u011b, posilovna, baz\u00e9ny a tenisov\u00e9 kurty. Obyvatel\u00e9 si tak mohou naplno u\u017e\u00edvat voln\u00fd \u010das a relaxovat v kr\u00e1sn\u00e9m prost\u0159ed\u00ed.<\/li>\n<li><strong>Vysok\u00e1 kvalita:<\/strong> Domy v resortu Higuer\u00f3n jsou vysoce kvalitn\u00ed a nab\u00edzej\u00ed skv\u011bl\u00fd komfort. Jsou navr\u017eeny s citem pro detail a jsou vybaveny modern\u00edmi technologiemi a vybaven\u00edm.<\/li>\n<li><strong>Investice:<\/strong> Koup\u011b nemovitosti v letovisku Higuer\u00f3n m\u016f\u017ee b\u00fdt dobrou investic\u00ed. Domy si dob\u0159e udr\u017euj\u00ed svou hodnotu a v budoucnu se m\u016f\u017ee zv\u00fd\u0161it.<\/li>\n<li><strong>Bezpe\u010dnost:<\/strong> Resort Higuer\u00f3n poskytuje obyvatel\u016fm bezpe\u010dn\u00e9 prost\u0159ed\u00ed. Je zde 24\/7 ostraha a resort je p\u0159\u00edstupn\u00fd pouze rezident\u016fm a jejich host\u016fm.<\/li>\n<\/ul>\n<p>Stru\u010dn\u011b \u0159e\u010deno, bydlen\u00ed v letovisku Higuer\u00f3n nab\u00edz\u00ed fantastick\u00fd luxusn\u00ed \u017eivotn\u00ed styl na fantastick\u00e9m a bezpe\u010dn\u00e9m m\u00edst\u011b v pravd\u011bpodobn\u011b nejlep\u0161\u00edch nemovitostech na pob\u0159e\u017e\u00ed Costa del Sol.<\/p>\n\n\t\t<\/div>\n\t<\/div>\n\n\t\t<\/div>\n\t<\/div>\n\t<\/div>\n\n<\/div>\n<\/div>\n\n<div  class=\"content_row row page-content vc_row wpb_row  default-style fullwidth\" style=\"background-color: #bbac8c;\">\n\t\n\t<div class=\"content_row_wrapper  default\" >\n\t<div id=\"asdasd\" class=\"vc_col-sm-12 wpb_column vc_column_container\" >\n\t<div class=\"vc_column-inner\">\n\t\t<div class=\"wpb_wrapper\" >\n\t\t\t<div class=\"rt_heading_wrapper no-style\">\n\t\t\t\t\t\t<h1 class=\"rt_heading  no-style\"  style=\"font-size:24px;margin-top:24px;margin-bottom:0px;\">Funkce - <span class=\"after_h1 white\">Higueron Resorts \u2013 Costa del Sol<\/span><\/h1> \n\t\t\t\t\t<\/div><div class=\"vc_empty_space\"   style=\"height: 32px\"><span class=\"vc_empty_space_inner\"><\/span><\/div><div class=\"vc_separator wpb_content_element vc_separator_align_center vc_sep_width_100 vc_sep_style-4 vc_sep_pos_align_center vc_separator_no_text vc_sep_color_grey\" ><span class=\"vc_sep_holder vc_sep_holder_l\"><span class=\"vc_sep_line\"><\/span><\/span><span class=\"vc_sep_holder vc_sep_holder_r\"><span class=\"vc_sep_line\"><\/span><\/span>\n<\/div>\n\t<div class=\"wpb_text_column wpb_content_element\" >\n\t\t<div class=\"wpb_wrapper\">\n\t\t\t\t \n\t\t<div  class=\"bullet-list style-1  check\">\n\t\t<ul>\n<li>bydlen\u00ed v jednom z nejlep\u0161\u00edch projekt\u016f nov\u00e9 v\u00fdstavby<\/li>\n<li>ka\u017edodenn\u00ed po\u017eitek z pl\u00e1\u017ee, mo\u0159e a p\u0159\u00edrody<\/li>\n<li>vybaven\u00ed, l\u00e1zn\u011b, posilovna, baz\u00e9ny, tenis atd.<\/li>\n<li>domy vysok\u00e9 kvality a s velk\u00fdm komfortem<\/li>\n<li>bezpe\u010dn\u00e9 prost\u0159ed\u00ed s 24\/7 ostrahou<\/li>\n<\/ul>\n\n\t\t<\/div>\n\t\n\n\t\t<\/div>\n\t<\/div>\n\n\t\t<\/div>\n\t<\/div>\n\t<\/div>\n\n<\/div>\n<\/div>\n\n<div  class=\"content_row row quote-row vc_row wpb_row  default-style fullwidth\" style=\"background-color: #fcfcfc;\">\n\t\n\t<div class=\"content_row_wrapper  fullwidth\" >\n\t<div id=\"asdasd\" class=\"vc_col-sm-12 wpb_column vc_column_container vc_custom_1644925648982\" >\n\t<div class=\"vc_column-inner\">\n\t\t<div class=\"wpb_wrapper\" >\n\t\t\t<div class=\"rt_heading_wrapper style-3\">\n\t\t\t\t\t\t<h4 class=\"rt_heading serif quote-max-width style-3\" >V\u00edce informac\u00ed o projektech Higueron? B\u00fdt v kontaktu!<\/h4> \n\t\t\t\t\t<\/div>\n\t\t<\/div>\n\t<\/div>\n\t<\/div>\n\n<\/div>\n<\/div>\n\n<div  class=\"content_row row vc_row wpb_row  default-style fullwidth\" >\n\t\n\t<div class=\"content_row_wrapper  default\" >\n\t<div id=\"asdasd\" class=\"vc_col-sm-12 wpb_column vc_column_container\" >\n\t<div class=\"vc_column-inner\">\n\t\t<div class=\"wpb_wrapper\" >\n\t\t\t<div class=\"button_wrapper aligncenter\"><a  href=\"\/cs\/vice-informaci\/\" target=\"_self\" title=\"&gt; v\u00edce informac\u00ed\" class=\"button_  style-2 small\">&gt; v\u00edce informac\u00ed<\/a><\/div>\n\t\t<\/div>\n\t<\/div>\n\t<\/div>\n\n<\/div>\n<\/div>\n<\/section>","protected":false},"excerpt":{"rendered":"<p>\u2026 <a class=\"more-link\" href=\"https:\/\/higueron-estates.com\/cs\/komplex\/\">pokra\u010dovat ve \u010dten\u00ed<\/a><\/p>","protected":false},"author":1,"featured_media":4313,"parent":0,"menu_order":3,"comment_status":"closed","ping_status":"closed","template":"","meta":{"footnotes":""},"class_list":["post-95","page","type-page","status-publish","has-post-thumbnail","hentry"],"yoast_head":"<!-- This site is optimized with the Yoast SEO plugin v26.0 - https:\/\/yoast.com\/wordpress\/plugins\/seo\/ -->\n<title>Higuer\u00f3n Resorts - Higuer\u00f3n Estates<\/title>\n<meta name=\"robots\" content=\"index, follow, max-snippet:-1, max-image-preview:large, max-video-preview:-1\" \/>\n<link rel=\"canonical\" href=\"https:\/\/higueron-estates.com\/cs\/komplex\/\" \/>\n<meta property=\"og:locale\" content=\"cs_CZ\" \/>\n<meta property=\"og:type\" content=\"article\" \/>\n<meta property=\"og:title\" content=\"Higuer\u00f3n Resorts - Higuer\u00f3n Estates\" \/>\n<meta property=\"og:url\" content=\"https:\/\/higueron-estates.com\/cs\/komplex\/\" \/>\n<meta property=\"og:site_name\" content=\"Higuer\u00f3n Estates\" \/>\n<meta property=\"article:modified_time\" content=\"2023-07-10T15:35:48+00:00\" \/>\n<meta property=\"og:image\" content=\"https:\/\/higueron-estates.com\/wp-content\/uploads\/sites\/26\/2023\/03\/terrace_2.jpg\" \/>\n\t<meta property=\"og:image:width\" content=\"1600\" \/>\n\t<meta property=\"og:image:height\" content=\"706\" \/>\n\t<meta property=\"og:image:type\" content=\"image\/jpeg\" \/>\n<meta name=\"twitter:card\" content=\"summary_large_image\" \/>\n<meta name=\"twitter:label1\" content=\"Odhadovan\u00e1 doba \u010dten\u00ed\" \/>\n\t<meta name=\"twitter:data1\" content=\"4 minuty\" \/>\n<script type=\"application\/ld+json\" class=\"yoast-schema-graph\">{\"@context\":\"https:\/\/schema.org\",\"@graph\":[{\"@type\":\"WebPage\",\"@id\":\"https:\/\/higueron-estates.com\/het-complex\/\",\"url\":\"https:\/\/higueron-estates.com\/het-complex\/\",\"name\":\"Higuer\u00f3n Resorts - Higuer\u00f3n Estates\",\"isPartOf\":{\"@id\":\"https:\/\/higueron-estates.com\/#website\"},\"primaryImageOfPage\":{\"@id\":\"https:\/\/higueron-estates.com\/het-complex\/#primaryimage\"},\"image\":{\"@id\":\"https:\/\/higueron-estates.com\/het-complex\/#primaryimage\"},\"thumbnailUrl\":\"https:\/\/higueron-estates.com\/wp-content\/uploads\/sites\/26\/2023\/03\/terrace_2.jpg\",\"datePublished\":\"2022-01-27T10:58:29+00:00\",\"dateModified\":\"2023-07-10T15:35:48+00:00\",\"breadcrumb\":{\"@id\":\"https:\/\/higueron-estates.com\/het-complex\/#breadcrumb\"},\"inLanguage\":\"cs\",\"potentialAction\":[{\"@type\":\"ReadAction\",\"target\":[\"https:\/\/higueron-estates.com\/het-complex\/\"]}]},{\"@type\":\"ImageObject\",\"inLanguage\":\"cs\",\"@id\":\"https:\/\/higueron-estates.com\/het-complex\/#primaryimage\",\"url\":\"https:\/\/higueron-estates.com\/wp-content\/uploads\/sites\/26\/2023\/03\/terrace_2.jpg\",\"contentUrl\":\"https:\/\/higueron-estates.com\/wp-content\/uploads\/sites\/26\/2023\/03\/terrace_2.jpg\",\"width\":1600,\"height\":706},{\"@type\":\"BreadcrumbList\",\"@id\":\"https:\/\/higueron-estates.com\/het-complex\/#breadcrumb\",\"itemListElement\":[{\"@type\":\"ListItem\",\"position\":1,\"name\":\"Home\",\"item\":\"https:\/\/higueron-estates.com\/\"},{\"@type\":\"ListItem\",\"position\":2,\"name\":\"Higuer\u00f3n Resorts\"}]},{\"@type\":\"WebSite\",\"@id\":\"https:\/\/higueron-estates.com\/#website\",\"url\":\"https:\/\/higueron-estates.com\/\",\"name\":\"Higuer\u00f3n Estates\",\"description\":\"\",\"potentialAction\":[{\"@type\":\"SearchAction\",\"target\":{\"@type\":\"EntryPoint\",\"urlTemplate\":\"https:\/\/higueron-estates.com\/?s={search_term_string}\"},\"query-input\":{\"@type\":\"PropertyValueSpecification\",\"valueRequired\":true,\"valueName\":\"search_term_string\"}}],\"inLanguage\":\"cs\"}]}<\/script>\n<!-- \/ Yoast SEO plugin. -->","yoast_head_json":{"title":"Higueron Resorts - Higueron Estates","robots":{"index":"index","follow":"follow","max-snippet":"max-snippet:-1","max-image-preview":"max-image-preview:large","max-video-preview":"max-video-preview:-1"},"canonical":"https:\/\/higueron-estates.com\/cs\/komplex\/","og_locale":"cs_CZ","og_type":"article","og_title":"Higuer\u00f3n Resorts - Higuer\u00f3n Estates","og_url":"https:\/\/higueron-estates.com\/cs\/komplex\/","og_site_name":"Higuer\u00f3n Estates","article_modified_time":"2023-07-10T15:35:48+00:00","og_image":[{"width":1600,"height":706,"url":"https:\/\/higueron-estates.com\/wp-content\/uploads\/sites\/26\/2023\/03\/terrace_2.jpg","type":"image\/jpeg"}],"twitter_card":"summary_large_image","twitter_misc":{"Odhadovan\u00e1 doba \u010dten\u00ed":"4 minuty"},"schema":{"@context":"https:\/\/schema.org","@graph":[{"@type":"WebPage","@id":"https:\/\/higueron-estates.com\/het-complex\/","url":"https:\/\/higueron-estates.com\/het-complex\/","name":"Higueron Resorts - Higueron Estates","isPartOf":{"@id":"https:\/\/higueron-estates.com\/#website"},"primaryImageOfPage":{"@id":"https:\/\/higueron-estates.com\/het-complex\/#primaryimage"},"image":{"@id":"https:\/\/higueron-estates.com\/het-complex\/#primaryimage"},"thumbnailUrl":"https:\/\/higueron-estates.com\/wp-content\/uploads\/sites\/26\/2023\/03\/terrace_2.jpg","datePublished":"2022-01-27T10:58:29+00:00","dateModified":"2023-07-10T15:35:48+00:00","breadcrumb":{"@id":"https:\/\/higueron-estates.com\/het-complex\/#breadcrumb"},"inLanguage":"cs","potentialAction":[{"@type":"ReadAction","target":["https:\/\/higueron-estates.com\/het-complex\/"]}]},{"@type":"ImageObject","inLanguage":"cs","@id":"https:\/\/higueron-estates.com\/het-complex\/#primaryimage","url":"https:\/\/higueron-estates.com\/wp-content\/uploads\/sites\/26\/2023\/03\/terrace_2.jpg","contentUrl":"https:\/\/higueron-estates.com\/wp-content\/uploads\/sites\/26\/2023\/03\/terrace_2.jpg","width":1600,"height":706},{"@type":"BreadcrumbList","@id":"https:\/\/higueron-estates.com\/het-complex\/#breadcrumb","itemListElement":[{"@type":"ListItem","position":1,"name":"Home","item":"https:\/\/higueron-estates.com\/"},{"@type":"ListItem","position":2,"name":"Higuer\u00f3n Resorts"}]},{"@type":"WebSite","@id":"https:\/\/higueron-estates.com\/#website","url":"https:\/\/higueron-estates.com\/","name":"Higueron Estates","description":"","potentialAction":[{"@type":"SearchAction","target":{"@type":"EntryPoint","urlTemplate":"https:\/\/higueron-estates.com\/?s={search_term_string}"},"query-input":{"@type":"PropertyValueSpecification","valueRequired":true,"valueName":"search_term_string"}}],"inLanguage":"cs"}]}},"_links":{"self":[{"href":"https:\/\/higueron-estates.com\/cs\/wp-json\/wp\/v2\/pages\/95","targetHints":{"allow":["GET"]}}],"collection":[{"href":"https:\/\/higueron-estates.com\/cs\/wp-json\/wp\/v2\/pages"}],"about":[{"href":"https:\/\/higueron-estates.com\/cs\/wp-json\/wp\/v2\/types\/page"}],"author":[{"embeddable":true,"href":"https:\/\/higueron-estates.com\/cs\/wp-json\/wp\/v2\/users\/1"}],"replies":[{"embeddable":true,"href":"https:\/\/higueron-estates.com\/cs\/wp-json\/wp\/v2\/comments?post=95"}],"version-history":[{"count":49,"href":"https:\/\/higueron-estates.com\/cs\/wp-json\/wp\/v2\/pages\/95\/revisions"}],"predecessor-version":[{"id":4411,"href":"https:\/\/higueron-estates.com\/cs\/wp-json\/wp\/v2\/pages\/95\/revisions\/4411"}],"wp:featuredmedia":[{"embeddable":true,"href":"https:\/\/higueron-estates.com\/cs\/wp-json\/wp\/v2\/media\/4313"}],"wp:attachment":[{"href":"https:\/\/higueron-estates.com\/cs\/wp-json\/wp\/v2\/media?parent=95"}],"curies":[{"name":"wp","href":"https:\/\/api.w.org\/{rel}","templated":true}]}}