{"id":95,"date":"2022-01-27T10:58:29","date_gmt":"2022-01-27T10:58:29","guid":{"rendered":"http:\/\/cognito.mprinsdesign.nl\/?page_id=95"},"modified":"2023-07-10T15:35:48","modified_gmt":"2023-07-10T15:35:48","slug":"el-complejo","status":"publish","type":"page","link":"https:\/\/higueron-estates.com\/es\/el-complejo\/","title":{"rendered":"Resorts en Higuer\u00f3n"},"content":{"rendered":"<section class=\"wpb-content-wrapper\"><div  class=\"content_row row page-content vc_row wpb_row  default-style fullwidth\" >\n\t\n\t<div class=\"content_row_wrapper  default\" >\n\t<div id=\"asdasd\" class=\"vc_col-sm-12 wpb_column vc_column_container\" >\n\t<div class=\"vc_column-inner\">\n\t\t<div class=\"wpb_wrapper\" >\n\t\t\t<div class=\"rt_heading_wrapper no-style\">\n\t\t\t\t\t\t<h1 class=\"rt_heading  no-style\"  style=\"font-size:24px;margin-top:24px;margin-bottom:0px;\">Resorts Higuer\u00f3n \u2013 <span class=\"after_h1\">Vivir con lujo en la Costa del Sol<\/span><\/h1> \n\t\t\t\t\t<\/div><div class=\"vc_empty_space\"   style=\"height: 32px\"><span class=\"vc_empty_space_inner\"><\/span><\/div><div class=\"vc_separator wpb_content_element vc_separator_align_center vc_sep_width_100 vc_sep_style-4 vc_sep_pos_align_center vc_separator_no_text vc_sep_color_grey\" ><span class=\"vc_sep_holder vc_sep_holder_l\"><span class=\"vc_sep_line\"><\/span><\/span><span class=\"vc_sep_holder vc_sep_holder_r\"><span class=\"vc_sep_line\"><\/span><\/span>\n<\/div><div class=\"vc_empty_space\"   style=\"height: 32px\"><span class=\"vc_empty_space_inner\"><\/span><\/div>\n\t<div class=\"wpb_text_column wpb_content_element\" >\n\t\t<div class=\"wpb_wrapper\">\n\t\t\t<div class=\"\">\n<p><b>Higuer\u00f3n Resorts \u2013 vivir en un lujo sin precedentes en una ubicaci\u00f3n privilegiada<\/b><\/p>\n<p><span style=\"font-weight: 400;\">El \u00e1rea entre Fuengirola y Benalm\u00e1dena se encuentra en la Costa del Sol en el sur de Espa\u00f1a y es conocida por sus hermosas playas, pueblos pintorescos y vibrante vida nocturna. La zona es popular entre turistas de todo el mundo y ofrece una amplia variedad de actividades y atracciones para visitantes de todas las edades.<\/span><\/p>\n<p><span style=\"font-weight: 400;\">Aqu\u00ed hay una descripci\u00f3n general total de las propiedades disponibles ocupadas por sus propietarios de todos los complejos tur\u00edsticos de Higuer\u00f3n en la costa entre Fuengirola y Benalm\u00e1dena.<\/span><\/p>\n<p><span style=\"font-weight: 400;\">Los complejos residenciales Higuer\u00f3n son promociones de obra nueva muy solicitadas en la Costa del Sol debido a su excelente ubicaci\u00f3n, alta calidad y relaci\u00f3n calidad-precio \u00fanica. Esto ha generado una gran popularidad entre los compradores y los desarrollos de Higuer\u00f3n son los desarrollos de nueva construcci\u00f3n m\u00e1s vendidos en la costa. El primer proyecto,<b> Higuer\u00f3n Oeste<\/b>, ya est\u00e1 agotado y el valor aument\u00f3 enormemente en el momento de la entrega. Aqu\u00ed s\u00f3lo est\u00e1n disponibles propiedades de reventa. <\/span><\/p>\n<p><span style=\"font-weight: 400;\">Otros proyectos de viviendas del Higuer\u00f3n a\u00fan disponibles son:\u00a0 <b>Aura Higuer\u00f3n<\/b> \u2013 72 modernos apartamentos y \u00e1ticos en las colinas con vistas al mar, <b>Villa Higuer\u00f3n<\/b> \u2013 26 villas modernas de 3-4 dormitorios con piscina y vista al mar, Lomas del Higuer\u00f3n \u2013, Valle del Higuer\u00f3n, Higuer\u00f3n Sur y Playa del Higuer\u00f3n. Estos ofrecen una amplia gama de tipos de viviendas, desde apartamentos y \u00e1ticos contempor\u00e1neos hasta amplias villas y casas adosadas, cada una con sus propias caracter\u00edsticas y comodidades \u00fanicas. En este sitio web encontrar\u00e1 una descripci\u00f3n general de todos los proyectos disponibles en Higuer\u00f3n.<\/span><\/p>\n<\/div>\n<p><strong>\u00bfPor qu\u00e9 elegir una propiedad en uno de los resorts del Higuer\u00f3n?<\/strong><\/p>\n<ul>\n<li><strong>Hermosa ubicaci\u00f3n<\/strong>: El complejo disfruta de una hermosa ubicaci\u00f3n cerca de la costa entre Fuengirola y Benalm\u00e1dena en la Costa del Sol. Esto significa que los residentes pueden disfrutar del maravilloso clima, las hermosas playas y las numerosas oportunidades recreativas de la zona.<\/li>\n<li><strong>Amenidades de lujo:<\/strong> El resort Higuer\u00f3n ofrece comodidades de lujo como spa, gimnasio, piscinas y canchas de tenis. De este modo, los residentes pueden disfrutar plenamente de su tiempo libre y relajarse en un bello entorno.<\/li>\n<li><strong>Alta calidad:<\/strong> Las viviendas del resort Higuer\u00f3n son de gran calidad y ofrecen un gran confort. Est\u00e1n dise\u00f1ados prestando atenci\u00f3n al detalle y est\u00e1n equipados con tecnolog\u00edas y equipos modernos.<\/li>\n<li><strong>Inversi\u00f3n:<\/strong> Comprar una propiedad en el resort del Higuer\u00f3n puede ser una buena inversi\u00f3n. Las casas conservan bien su valor y pueden aumentar de valor en el futuro.<\/li>\n<li><strong>Seguridad:<\/strong> El complejo Higuer\u00f3n ofrece un entorno seguro para los residentes. Hay seguridad las 24 horas, los 7 d\u00edas de la semana y solo los residentes y sus invitados pueden acceder al complejo.<\/li>\n<\/ul>\n<p>En resumen, vivir en un resort del Higuer\u00f3n ofrece un fant\u00e1stico estilo de vida de lujo en una ubicaci\u00f3n fant\u00e1stica y segura en probablemente las mejores propiedades de la Costa del Sol.<\/p>\n\n\t\t<\/div>\n\t<\/div>\n\n\t\t<\/div>\n\t<\/div>\n\t<\/div>\n\n<\/div>\n<\/div>\n\n<div  class=\"content_row row page-content vc_row wpb_row  default-style fullwidth\" style=\"background-color: #bbac8c;\">\n\t\n\t<div class=\"content_row_wrapper  default\" >\n\t<div id=\"asdasd\" class=\"vc_col-sm-12 wpb_column vc_column_container\" >\n\t<div class=\"vc_column-inner\">\n\t\t<div class=\"wpb_wrapper\" >\n\t\t\t<div class=\"rt_heading_wrapper no-style\">\n\t\t\t\t\t\t<h1 class=\"rt_heading  no-style\"  style=\"font-size:24px;margin-top:24px;margin-bottom:0px;\">Caracter\u00edsticas - <span class=\"after_h1 white\">Higuer\u00f3n Resorts \u2013 Costa del Sol<\/span><\/h1> \n\t\t\t\t\t<\/div><div class=\"vc_empty_space\"   style=\"height: 32px\"><span class=\"vc_empty_space_inner\"><\/span><\/div><div class=\"vc_separator wpb_content_element vc_separator_align_center vc_sep_width_100 vc_sep_style-4 vc_sep_pos_align_center vc_separator_no_text vc_sep_color_grey\" ><span class=\"vc_sep_holder vc_sep_holder_l\"><span class=\"vc_sep_line\"><\/span><\/span><span class=\"vc_sep_holder vc_sep_holder_r\"><span class=\"vc_sep_line\"><\/span><\/span>\n<\/div>\n\t<div class=\"wpb_text_column wpb_content_element\" >\n\t\t<div class=\"wpb_wrapper\">\n\t\t\t\t \n\t\t<div  class=\"bullet-list style-1  check\">\n\t\t<ul>\n<li>viviendo en uno de los mejores proyectos de obra nueva<\/li>\n<li>disfrute diario de la playa, el mar y la naturaleza<\/li>\n<li>amenidades, spa, gimnasio, piscinas, tenis, etc.<\/li>\n<li>Viviendas de gran calidad y con gran confort.<\/li>\n<li>ambiente seguro con seguridad 24\/7<\/li>\n<\/ul>\n\n\t\t<\/div>\n\t\n\n\t\t<\/div>\n\t<\/div>\n\n\t\t<\/div>\n\t<\/div>\n\t<\/div>\n\n<\/div>\n<\/div>\n\n<div  class=\"content_row row quote-row vc_row wpb_row  default-style fullwidth\" style=\"background-color: #fcfcfc;\">\n\t\n\t<div class=\"content_row_wrapper  fullwidth\" >\n\t<div id=\"asdasd\" class=\"vc_col-sm-12 wpb_column vc_column_container vc_custom_1644925648982\" >\n\t<div class=\"vc_column-inner\">\n\t\t<div class=\"wpb_wrapper\" >\n\t\t\t<div class=\"rt_heading_wrapper style-3\">\n\t\t\t\t\t\t<h4 class=\"rt_heading serif quote-max-width style-3\" >\u00bfM\u00e1s informaci\u00f3n sobre los proyectos del Higuer\u00f3n? \u00a1Ponerse en contacto!<\/h4> \n\t\t\t\t\t<\/div>\n\t\t<\/div>\n\t<\/div>\n\t<\/div>\n\n<\/div>\n<\/div>\n\n<div  class=\"content_row row vc_row wpb_row  default-style fullwidth\" >\n\t\n\t<div class=\"content_row_wrapper  default\" >\n\t<div id=\"asdasd\" class=\"vc_col-sm-12 wpb_column vc_column_container\" >\n\t<div class=\"vc_column-inner\">\n\t\t<div class=\"wpb_wrapper\" >\n\t\t\t<div class=\"button_wrapper aligncenter\"><a  href=\"\/es\/mas-informacion\/\" target=\"_self\" title=\"&gt; m\u00e1s informaci\u00f3n\" class=\"button_  style-2 small\">&gt; m\u00e1s informaci\u00f3n<\/a><\/div>\n\t\t<\/div>\n\t<\/div>\n\t<\/div>\n\n<\/div>\n<\/div>\n<\/section>","protected":false},"excerpt":{"rendered":"<p>\u2026 <a class=\"more-link\" href=\"https:\/\/higueron-estates.com\/es\/el-complejo\/\">sigue leyendo<\/a><\/p>","protected":false},"author":1,"featured_media":4313,"parent":0,"menu_order":3,"comment_status":"closed","ping_status":"closed","template":"","meta":{"footnotes":""},"class_list":["post-95","page","type-page","status-publish","has-post-thumbnail","hentry"],"yoast_head":"<!-- This site is optimized with the Yoast SEO plugin v26.0 - https:\/\/yoast.com\/wordpress\/plugins\/seo\/ -->\n<title>Higuer\u00f3n Resorts - Higuer\u00f3n Estates<\/title>\n<meta name=\"robots\" content=\"index, follow, max-snippet:-1, max-image-preview:large, max-video-preview:-1\" \/>\n<link rel=\"canonical\" href=\"https:\/\/higueron-estates.com\/es\/el-complejo\/\" \/>\n<meta property=\"og:locale\" content=\"es_ES\" \/>\n<meta property=\"og:type\" content=\"article\" \/>\n<meta property=\"og:title\" content=\"Higuer\u00f3n Resorts - Higuer\u00f3n Estates\" \/>\n<meta property=\"og:url\" content=\"https:\/\/higueron-estates.com\/es\/el-complejo\/\" \/>\n<meta property=\"og:site_name\" content=\"Higuer\u00f3n Estates\" \/>\n<meta property=\"article:modified_time\" content=\"2023-07-10T15:35:48+00:00\" \/>\n<meta property=\"og:image\" content=\"https:\/\/higueron-estates.com\/wp-content\/uploads\/sites\/26\/2023\/03\/terrace_2.jpg\" \/>\n\t<meta property=\"og:image:width\" content=\"1600\" \/>\n\t<meta property=\"og:image:height\" content=\"706\" \/>\n\t<meta property=\"og:image:type\" content=\"image\/jpeg\" \/>\n<meta name=\"twitter:card\" content=\"summary_large_image\" \/>\n<meta name=\"twitter:label1\" content=\"Tiempo de lectura\" \/>\n\t<meta name=\"twitter:data1\" content=\"4 minutos\" \/>\n<script type=\"application\/ld+json\" class=\"yoast-schema-graph\">{\"@context\":\"https:\/\/schema.org\",\"@graph\":[{\"@type\":\"WebPage\",\"@id\":\"https:\/\/higueron-estates.com\/het-complex\/\",\"url\":\"https:\/\/higueron-estates.com\/het-complex\/\",\"name\":\"Higuer\u00f3n Resorts - Higuer\u00f3n Estates\",\"isPartOf\":{\"@id\":\"https:\/\/higueron-estates.com\/#website\"},\"primaryImageOfPage\":{\"@id\":\"https:\/\/higueron-estates.com\/het-complex\/#primaryimage\"},\"image\":{\"@id\":\"https:\/\/higueron-estates.com\/het-complex\/#primaryimage\"},\"thumbnailUrl\":\"https:\/\/higueron-estates.com\/wp-content\/uploads\/sites\/26\/2023\/03\/terrace_2.jpg\",\"datePublished\":\"2022-01-27T10:58:29+00:00\",\"dateModified\":\"2023-07-10T15:35:48+00:00\",\"breadcrumb\":{\"@id\":\"https:\/\/higueron-estates.com\/het-complex\/#breadcrumb\"},\"inLanguage\":\"es\",\"potentialAction\":[{\"@type\":\"ReadAction\",\"target\":[\"https:\/\/higueron-estates.com\/het-complex\/\"]}]},{\"@type\":\"ImageObject\",\"inLanguage\":\"es\",\"@id\":\"https:\/\/higueron-estates.com\/het-complex\/#primaryimage\",\"url\":\"https:\/\/higueron-estates.com\/wp-content\/uploads\/sites\/26\/2023\/03\/terrace_2.jpg\",\"contentUrl\":\"https:\/\/higueron-estates.com\/wp-content\/uploads\/sites\/26\/2023\/03\/terrace_2.jpg\",\"width\":1600,\"height\":706},{\"@type\":\"BreadcrumbList\",\"@id\":\"https:\/\/higueron-estates.com\/het-complex\/#breadcrumb\",\"itemListElement\":[{\"@type\":\"ListItem\",\"position\":1,\"name\":\"Home\",\"item\":\"https:\/\/higueron-estates.com\/\"},{\"@type\":\"ListItem\",\"position\":2,\"name\":\"Higuer\u00f3n Resorts\"}]},{\"@type\":\"WebSite\",\"@id\":\"https:\/\/higueron-estates.com\/#website\",\"url\":\"https:\/\/higueron-estates.com\/\",\"name\":\"Higuer\u00f3n Estates\",\"description\":\"\",\"potentialAction\":[{\"@type\":\"SearchAction\",\"target\":{\"@type\":\"EntryPoint\",\"urlTemplate\":\"https:\/\/higueron-estates.com\/?s={search_term_string}\"},\"query-input\":{\"@type\":\"PropertyValueSpecification\",\"valueRequired\":true,\"valueName\":\"search_term_string\"}}],\"inLanguage\":\"es\"}]}<\/script>\n<!-- \/ Yoast SEO plugin. -->","yoast_head_json":{"title":"Higuer\u00f3n Resorts - Higuer\u00f3n Estates","robots":{"index":"index","follow":"follow","max-snippet":"max-snippet:-1","max-image-preview":"max-image-preview:large","max-video-preview":"max-video-preview:-1"},"canonical":"https:\/\/higueron-estates.com\/es\/el-complejo\/","og_locale":"es_ES","og_type":"article","og_title":"Higuer\u00f3n Resorts - Higuer\u00f3n Estates","og_url":"https:\/\/higueron-estates.com\/es\/el-complejo\/","og_site_name":"Higuer\u00f3n Estates","article_modified_time":"2023-07-10T15:35:48+00:00","og_image":[{"width":1600,"height":706,"url":"https:\/\/higueron-estates.com\/wp-content\/uploads\/sites\/26\/2023\/03\/terrace_2.jpg","type":"image\/jpeg"}],"twitter_card":"summary_large_image","twitter_misc":{"Tiempo de lectura":"4 minutos"},"schema":{"@context":"https:\/\/schema.org","@graph":[{"@type":"WebPage","@id":"https:\/\/higueron-estates.com\/het-complex\/","url":"https:\/\/higueron-estates.com\/het-complex\/","name":"Higuer\u00f3n Resorts - Higuer\u00f3n Estates","isPartOf":{"@id":"https:\/\/higueron-estates.com\/#website"},"primaryImageOfPage":{"@id":"https:\/\/higueron-estates.com\/het-complex\/#primaryimage"},"image":{"@id":"https:\/\/higueron-estates.com\/het-complex\/#primaryimage"},"thumbnailUrl":"https:\/\/higueron-estates.com\/wp-content\/uploads\/sites\/26\/2023\/03\/terrace_2.jpg","datePublished":"2022-01-27T10:58:29+00:00","dateModified":"2023-07-10T15:35:48+00:00","breadcrumb":{"@id":"https:\/\/higueron-estates.com\/het-complex\/#breadcrumb"},"inLanguage":"es","potentialAction":[{"@type":"ReadAction","target":["https:\/\/higueron-estates.com\/het-complex\/"]}]},{"@type":"ImageObject","inLanguage":"es","@id":"https:\/\/higueron-estates.com\/het-complex\/#primaryimage","url":"https:\/\/higueron-estates.com\/wp-content\/uploads\/sites\/26\/2023\/03\/terrace_2.jpg","contentUrl":"https:\/\/higueron-estates.com\/wp-content\/uploads\/sites\/26\/2023\/03\/terrace_2.jpg","width":1600,"height":706},{"@type":"BreadcrumbList","@id":"https:\/\/higueron-estates.com\/het-complex\/#breadcrumb","itemListElement":[{"@type":"ListItem","position":1,"name":"Home","item":"https:\/\/higueron-estates.com\/"},{"@type":"ListItem","position":2,"name":"Higuer\u00f3n Resorts"}]},{"@type":"WebSite","@id":"https:\/\/higueron-estates.com\/#website","url":"https:\/\/higueron-estates.com\/","name":"Higueron Estates","description":"","potentialAction":[{"@type":"SearchAction","target":{"@type":"EntryPoint","urlTemplate":"https:\/\/higueron-estates.com\/?s={search_term_string}"},"query-input":{"@type":"PropertyValueSpecification","valueRequired":true,"valueName":"search_term_string"}}],"inLanguage":"es"}]}},"_links":{"self":[{"href":"https:\/\/higueron-estates.com\/es\/wp-json\/wp\/v2\/pages\/95","targetHints":{"allow":["GET"]}}],"collection":[{"href":"https:\/\/higueron-estates.com\/es\/wp-json\/wp\/v2\/pages"}],"about":[{"href":"https:\/\/higueron-estates.com\/es\/wp-json\/wp\/v2\/types\/page"}],"author":[{"embeddable":true,"href":"https:\/\/higueron-estates.com\/es\/wp-json\/wp\/v2\/users\/1"}],"replies":[{"embeddable":true,"href":"https:\/\/higueron-estates.com\/es\/wp-json\/wp\/v2\/comments?post=95"}],"version-history":[{"count":49,"href":"https:\/\/higueron-estates.com\/es\/wp-json\/wp\/v2\/pages\/95\/revisions"}],"predecessor-version":[{"id":4411,"href":"https:\/\/higueron-estates.com\/es\/wp-json\/wp\/v2\/pages\/95\/revisions\/4411"}],"wp:featuredmedia":[{"embeddable":true,"href":"https:\/\/higueron-estates.com\/es\/wp-json\/wp\/v2\/media\/4313"}],"wp:attachment":[{"href":"https:\/\/higueron-estates.com\/es\/wp-json\/wp\/v2\/media?parent=95"}],"curies":[{"name":"wp","href":"https:\/\/api.w.org\/{rel}","templated":true}]}}