{"id":95,"date":"2022-01-27T10:58:29","date_gmt":"2022-01-27T10:58:29","guid":{"rendered":"http:\/\/cognito.mprinsdesign.nl\/?page_id=95"},"modified":"2023-07-10T15:35:48","modified_gmt":"2023-07-10T15:35:48","slug":"le-complexe","status":"publish","type":"page","link":"https:\/\/higueron-estates.com\/fr\/le-complexe\/","title":{"rendered":"H\u00f4tels \u00e0 Higueron"},"content":{"rendered":"<section class=\"wpb-content-wrapper\"><div  class=\"content_row row page-content vc_row wpb_row  default-style fullwidth\" >\n\t\n\t<div class=\"content_row_wrapper  default\" >\n\t<div id=\"asdasd\" class=\"vc_col-sm-12 wpb_column vc_column_container\" >\n\t<div class=\"vc_column-inner\">\n\t\t<div class=\"wpb_wrapper\" >\n\t\t\t<div class=\"rt_heading_wrapper no-style\">\n\t\t\t\t\t\t<h1 class=\"rt_heading  no-style\"  style=\"font-size:24px;margin-top:24px;margin-bottom:0px;\">Complexes h\u00f4teliers \u00e0 Higuer\u00f3n \u2013 <span class=\"after_h1\">Vivre dans le luxe sur la Costa del Sol<\/span><\/h1> \n\t\t\t\t\t<\/div><div class=\"vc_empty_space\"   style=\"height: 32px\"><span class=\"vc_empty_space_inner\"><\/span><\/div><div class=\"vc_separator wpb_content_element vc_separator_align_center vc_sep_width_100 vc_sep_style-4 vc_sep_pos_align_center vc_separator_no_text vc_sep_color_grey\" ><span class=\"vc_sep_holder vc_sep_holder_l\"><span class=\"vc_sep_line\"><\/span><\/span><span class=\"vc_sep_holder vc_sep_holder_r\"><span class=\"vc_sep_line\"><\/span><\/span>\n<\/div><div class=\"vc_empty_space\"   style=\"height: 32px\"><span class=\"vc_empty_space_inner\"><\/span><\/div>\n\t<div class=\"wpb_text_column wpb_content_element\" >\n\t\t<div class=\"wpb_wrapper\">\n\t\t\t<div class=\"\">\n<p><b>Higuer\u00f3n Resorts \u2013 vivre dans un luxe sans pr\u00e9c\u00e9dent dans un emplacement privil\u00e9gi\u00e9<\/b><\/p>\n<p><span style=\"font-weight: 400;\">La r\u00e9gion situ\u00e9e entre Fuengirola et Benalm\u00e1dena est situ\u00e9e sur la Costa del Sol, dans le sud de l&#039;Espagne, et est connue pour ses belles plages, ses villages pittoresques et sa vie nocturne anim\u00e9e. La r\u00e9gion est populaire aupr\u00e8s des touristes du monde entier et offre une grande vari\u00e9t\u00e9 d\u2019activit\u00e9s et d\u2019attractions pour les visiteurs de tous \u00e2ges.<\/span><\/p>\n<p><span style=\"font-weight: 400;\">Voici un aper\u00e7u complet des propri\u00e9t\u00e9s disponibles en propri\u00e9t\u00e9 dans toutes les stations baln\u00e9aires de Higuer\u00f3n sur la c\u00f4te entre Fuengirola et Benalm\u00e1dena.<\/span><\/p>\n<p><span style=\"font-weight: 400;\">Les complexes r\u00e9sidentiels Higuer\u00f3n sont des nouveaux d\u00e9veloppements tr\u00e8s recherch\u00e9s sur la Costa del Sol en raison de leur excellent emplacement, de leur haute qualit\u00e9 et de leur rapport qualit\u00e9-prix unique. Cela a conduit \u00e0 une grande popularit\u00e9 aupr\u00e8s des acheteurs et les d\u00e9veloppements Higueron sont les d\u00e9veloppements de nouvelles constructions les plus vendus sur la c\u00f4te. Le premier projet,<b> Higueron Ouest<\/b>, est d\u00e9j\u00e0 \u00e9puis\u00e9 et sa valeur a \u00e9norm\u00e9ment augment\u00e9 \u00e0 la livraison. Seules les propri\u00e9t\u00e9s de revente sont disponibles ici. <\/span><\/p>\n<p><span style=\"font-weight: 400;\">Les autres projets d&#039;habitation Higueron encore disponibles sont :\u00a0 <b>Aura Higuer\u00f3n<\/b> \u2013 72 appartements et penthouses modernes sur les collines avec vue mer, <b>Villa Higueron<\/b> \u2013 26 villas modernes de 3-4 chambres avec piscine et vue mer, Lomas del Higuer\u00f3n \u2013 , Vall\u00e9e de Higuer\u00f3n, Higuer\u00f3n Sud et Plage de Higuer\u00f3n. Ceux-ci offrent un large \u00e9ventail de types de logements, des appartements et penthouses contemporains aux villas et maisons de ville spacieuses, chacun avec ses propres caract\u00e9ristiques et \u00e9quipements. Sur ce site Web, vous trouverez un aper\u00e7u de tous les projets Higuer\u00f3n disponibles.<\/span><\/p>\n<\/div>\n<p><strong>Pourquoi choisir un bien immobilier dans l&#039;une des stations de l&#039;Higueron ??<\/strong><\/p>\n<ul>\n<li><strong>Bel emplacement<\/strong>: Le complexe b\u00e9n\u00e9ficie d&#039;un bel emplacement pr\u00e8s de la c\u00f4te entre Fuengirola et Benalm\u00e1dena sur la Costa del Sol. Cela signifie que les r\u00e9sidents peuvent profiter du climat merveilleux, des belles plages et des nombreuses possibilit\u00e9s de loisirs de la r\u00e9gion.<\/li>\n<li><strong>Commodit\u00e9s luxueuses\u00a0:<\/strong> Le complexe Higuer\u00f3n propose des \u00e9quipements luxueux tels qu&#039;un spa, une salle de sport, des piscines et des courts de tennis. Les r\u00e9sidents peuvent ainsi profiter pleinement de leur temps libre et se d\u00e9tendre dans un cadre magnifique.<\/li>\n<li><strong>Haute qualit\u00e9:<\/strong> Les logements de la station Higuer\u00f3n sont de grande qualit\u00e9 et offrent un grand confort. Ils sont con\u00e7us avec le souci du d\u00e9tail et sont \u00e9quip\u00e9s de technologies et d\u2019\u00e9quipements modernes.<\/li>\n<li><strong>Investissement:<\/strong> Acheter une propri\u00e9t\u00e9 dans la station de Higuer\u00f3n peut \u00eatre un bon investissement. Les maisons conservent bien leur valeur et pourraient prendre de la valeur \u00e0 l\u2019avenir.<\/li>\n<li><strong>S\u00e9curit\u00e9:<\/strong> La station Higuer\u00f3n offre un environnement s\u00fbr aux r\u00e9sidents. Il y a une s\u00e9curit\u00e9 24h\/24 et 7j\/7 et le complexe n&#039;est accessible qu&#039;aux r\u00e9sidents et \u00e0 leurs invit\u00e9s.<\/li>\n<\/ul>\n<p>En bref, vivre dans une station baln\u00e9aire de Higuer\u00f3n offre un style de vie de luxe fantastique dans un emplacement fantastique et s\u00e9curis\u00e9 dans probablement les meilleures propri\u00e9t\u00e9s de la Costa del Sol.<\/p>\n\n\t\t<\/div>\n\t<\/div>\n\n\t\t<\/div>\n\t<\/div>\n\t<\/div>\n\n<\/div>\n<\/div>\n\n<div  class=\"content_row row page-content vc_row wpb_row  default-style fullwidth\" style=\"background-color: #bbac8c;\">\n\t\n\t<div class=\"content_row_wrapper  default\" >\n\t<div id=\"asdasd\" class=\"vc_col-sm-12 wpb_column vc_column_container\" >\n\t<div class=\"vc_column-inner\">\n\t\t<div class=\"wpb_wrapper\" >\n\t\t\t<div class=\"rt_heading_wrapper no-style\">\n\t\t\t\t\t\t<h1 class=\"rt_heading  no-style\"  style=\"font-size:24px;margin-top:24px;margin-bottom:0px;\">Caract\u00e9ristiques - <span class=\"after_h1 white\">Complexes h\u00f4teliers \u00e0 Higueron \u2013 Costa del Sol<\/span><\/h1> \n\t\t\t\t\t<\/div><div class=\"vc_empty_space\"   style=\"height: 32px\"><span class=\"vc_empty_space_inner\"><\/span><\/div><div class=\"vc_separator wpb_content_element vc_separator_align_center vc_sep_width_100 vc_sep_style-4 vc_sep_pos_align_center vc_separator_no_text vc_sep_color_grey\" ><span class=\"vc_sep_holder vc_sep_holder_l\"><span class=\"vc_sep_line\"><\/span><\/span><span class=\"vc_sep_holder vc_sep_holder_r\"><span class=\"vc_sep_line\"><\/span><\/span>\n<\/div>\n\t<div class=\"wpb_text_column wpb_content_element\" >\n\t\t<div class=\"wpb_wrapper\">\n\t\t\t\t \n\t\t<div  class=\"bullet-list style-1  check\">\n\t\t<ul>\n<li>vivre dans l&#039;un des meilleurs nouveaux projets de construction<\/li>\n<li>jouissance quotidienne de la plage, de la mer et de la nature<\/li>\n<li>commodit\u00e9s, spa, salle de sport, piscines, tennis, etc.<\/li>\n<li>des maisons de haute qualit\u00e9 et avec un grand confort<\/li>\n<li>environnement s\u00fbr avec s\u00e9curit\u00e9 24h\/24 et 7j\/7<\/li>\n<\/ul>\n\n\t\t<\/div>\n\t\n\n\t\t<\/div>\n\t<\/div>\n\n\t\t<\/div>\n\t<\/div>\n\t<\/div>\n\n<\/div>\n<\/div>\n\n<div  class=\"content_row row quote-row vc_row wpb_row  default-style fullwidth\" style=\"background-color: #fcfcfc;\">\n\t\n\t<div class=\"content_row_wrapper  fullwidth\" >\n\t<div id=\"asdasd\" class=\"vc_col-sm-12 wpb_column vc_column_container vc_custom_1644925648982\" >\n\t<div class=\"vc_column-inner\">\n\t\t<div class=\"wpb_wrapper\" >\n\t\t\t<div class=\"rt_heading_wrapper style-3\">\n\t\t\t\t\t\t<h4 class=\"rt_heading serif quote-max-width style-3\" >Plus d&#039;informations sur les projets Higueron ? Entrer en contact!<\/h4> \n\t\t\t\t\t<\/div>\n\t\t<\/div>\n\t<\/div>\n\t<\/div>\n\n<\/div>\n<\/div>\n\n<div  class=\"content_row row vc_row wpb_row  default-style fullwidth\" >\n\t\n\t<div class=\"content_row_wrapper  default\" >\n\t<div id=\"asdasd\" class=\"vc_col-sm-12 wpb_column vc_column_container\" >\n\t<div class=\"vc_column-inner\">\n\t\t<div class=\"wpb_wrapper\" >\n\t\t\t<div class=\"button_wrapper aligncenter\"><a  href=\"\/fr\/plus-dinformation\/\" target=\"_self\" title=\"&gt; plus d&#039;infos\" class=\"button_  style-2 small\">&gt; plus d&#039;infos<\/a><\/div>\n\t\t<\/div>\n\t<\/div>\n\t<\/div>\n\n<\/div>\n<\/div>\n<\/section>","protected":false},"excerpt":{"rendered":"<p>\u2026 <a class=\"more-link\" href=\"https:\/\/higueron-estates.com\/fr\/le-complexe\/\">continuer la lecture<\/a><\/p>","protected":false},"author":1,"featured_media":4313,"parent":0,"menu_order":3,"comment_status":"closed","ping_status":"closed","template":"","meta":{"footnotes":""},"class_list":["post-95","page","type-page","status-publish","has-post-thumbnail","hentry"],"yoast_head":"<!-- This site is optimized with the Yoast SEO plugin v26.0 - https:\/\/yoast.com\/wordpress\/plugins\/seo\/ -->\n<title>Higuer\u00f3n Resorts - Higuer\u00f3n Estates<\/title>\n<meta name=\"robots\" content=\"index, follow, max-snippet:-1, max-image-preview:large, max-video-preview:-1\" \/>\n<link rel=\"canonical\" href=\"https:\/\/higueron-estates.com\/fr\/le-complexe\/\" \/>\n<meta property=\"og:locale\" content=\"fr_FR\" \/>\n<meta property=\"og:type\" content=\"article\" \/>\n<meta property=\"og:title\" content=\"Higuer\u00f3n Resorts - Higuer\u00f3n Estates\" \/>\n<meta property=\"og:url\" content=\"https:\/\/higueron-estates.com\/fr\/le-complexe\/\" \/>\n<meta property=\"og:site_name\" content=\"Higuer\u00f3n Estates\" \/>\n<meta property=\"article:modified_time\" content=\"2023-07-10T15:35:48+00:00\" \/>\n<meta property=\"og:image\" content=\"https:\/\/higueron-estates.com\/wp-content\/uploads\/sites\/26\/2023\/03\/terrace_2.jpg\" \/>\n\t<meta property=\"og:image:width\" content=\"1600\" \/>\n\t<meta property=\"og:image:height\" content=\"706\" \/>\n\t<meta property=\"og:image:type\" content=\"image\/jpeg\" \/>\n<meta name=\"twitter:card\" content=\"summary_large_image\" \/>\n<meta name=\"twitter:label1\" content=\"Dur\u00e9e de lecture estim\u00e9e\" \/>\n\t<meta name=\"twitter:data1\" content=\"4 minutes\" \/>\n<script type=\"application\/ld+json\" class=\"yoast-schema-graph\">{\"@context\":\"https:\/\/schema.org\",\"@graph\":[{\"@type\":\"WebPage\",\"@id\":\"https:\/\/higueron-estates.com\/het-complex\/\",\"url\":\"https:\/\/higueron-estates.com\/het-complex\/\",\"name\":\"Higuer\u00f3n Resorts - Higuer\u00f3n Estates\",\"isPartOf\":{\"@id\":\"https:\/\/higueron-estates.com\/#website\"},\"primaryImageOfPage\":{\"@id\":\"https:\/\/higueron-estates.com\/het-complex\/#primaryimage\"},\"image\":{\"@id\":\"https:\/\/higueron-estates.com\/het-complex\/#primaryimage\"},\"thumbnailUrl\":\"https:\/\/higueron-estates.com\/wp-content\/uploads\/sites\/26\/2023\/03\/terrace_2.jpg\",\"datePublished\":\"2022-01-27T10:58:29+00:00\",\"dateModified\":\"2023-07-10T15:35:48+00:00\",\"breadcrumb\":{\"@id\":\"https:\/\/higueron-estates.com\/het-complex\/#breadcrumb\"},\"inLanguage\":\"fr-FR\",\"potentialAction\":[{\"@type\":\"ReadAction\",\"target\":[\"https:\/\/higueron-estates.com\/het-complex\/\"]}]},{\"@type\":\"ImageObject\",\"inLanguage\":\"fr-FR\",\"@id\":\"https:\/\/higueron-estates.com\/het-complex\/#primaryimage\",\"url\":\"https:\/\/higueron-estates.com\/wp-content\/uploads\/sites\/26\/2023\/03\/terrace_2.jpg\",\"contentUrl\":\"https:\/\/higueron-estates.com\/wp-content\/uploads\/sites\/26\/2023\/03\/terrace_2.jpg\",\"width\":1600,\"height\":706},{\"@type\":\"BreadcrumbList\",\"@id\":\"https:\/\/higueron-estates.com\/het-complex\/#breadcrumb\",\"itemListElement\":[{\"@type\":\"ListItem\",\"position\":1,\"name\":\"Home\",\"item\":\"https:\/\/higueron-estates.com\/\"},{\"@type\":\"ListItem\",\"position\":2,\"name\":\"Higuer\u00f3n Resorts\"}]},{\"@type\":\"WebSite\",\"@id\":\"https:\/\/higueron-estates.com\/#website\",\"url\":\"https:\/\/higueron-estates.com\/\",\"name\":\"Higuer\u00f3n Estates\",\"description\":\"\",\"potentialAction\":[{\"@type\":\"SearchAction\",\"target\":{\"@type\":\"EntryPoint\",\"urlTemplate\":\"https:\/\/higueron-estates.com\/?s={search_term_string}\"},\"query-input\":{\"@type\":\"PropertyValueSpecification\",\"valueRequired\":true,\"valueName\":\"search_term_string\"}}],\"inLanguage\":\"fr-FR\"}]}<\/script>\n<!-- \/ Yoast SEO plugin. -->","yoast_head_json":{"title":"Higueron Resorts - Domaines Higueron","robots":{"index":"index","follow":"follow","max-snippet":"max-snippet:-1","max-image-preview":"max-image-preview:large","max-video-preview":"max-video-preview:-1"},"canonical":"https:\/\/higueron-estates.com\/fr\/le-complexe\/","og_locale":"fr_FR","og_type":"article","og_title":"Higuer\u00f3n Resorts - Higuer\u00f3n Estates","og_url":"https:\/\/higueron-estates.com\/fr\/le-complexe\/","og_site_name":"Higuer\u00f3n Estates","article_modified_time":"2023-07-10T15:35:48+00:00","og_image":[{"width":1600,"height":706,"url":"https:\/\/higueron-estates.com\/wp-content\/uploads\/sites\/26\/2023\/03\/terrace_2.jpg","type":"image\/jpeg"}],"twitter_card":"summary_large_image","twitter_misc":{"Dur\u00e9e de lecture estim\u00e9e":"4 minutes"},"schema":{"@context":"https:\/\/schema.org","@graph":[{"@type":"WebPage","@id":"https:\/\/higueron-estates.com\/het-complex\/","url":"https:\/\/higueron-estates.com\/het-complex\/","name":"Higueron Resorts - Domaines Higueron","isPartOf":{"@id":"https:\/\/higueron-estates.com\/#website"},"primaryImageOfPage":{"@id":"https:\/\/higueron-estates.com\/het-complex\/#primaryimage"},"image":{"@id":"https:\/\/higueron-estates.com\/het-complex\/#primaryimage"},"thumbnailUrl":"https:\/\/higueron-estates.com\/wp-content\/uploads\/sites\/26\/2023\/03\/terrace_2.jpg","datePublished":"2022-01-27T10:58:29+00:00","dateModified":"2023-07-10T15:35:48+00:00","breadcrumb":{"@id":"https:\/\/higueron-estates.com\/het-complex\/#breadcrumb"},"inLanguage":"fr-FR","potentialAction":[{"@type":"ReadAction","target":["https:\/\/higueron-estates.com\/het-complex\/"]}]},{"@type":"ImageObject","inLanguage":"fr-FR","@id":"https:\/\/higueron-estates.com\/het-complex\/#primaryimage","url":"https:\/\/higueron-estates.com\/wp-content\/uploads\/sites\/26\/2023\/03\/terrace_2.jpg","contentUrl":"https:\/\/higueron-estates.com\/wp-content\/uploads\/sites\/26\/2023\/03\/terrace_2.jpg","width":1600,"height":706},{"@type":"BreadcrumbList","@id":"https:\/\/higueron-estates.com\/het-complex\/#breadcrumb","itemListElement":[{"@type":"ListItem","position":1,"name":"Home","item":"https:\/\/higueron-estates.com\/"},{"@type":"ListItem","position":2,"name":"Higuer\u00f3n Resorts"}]},{"@type":"WebSite","@id":"https:\/\/higueron-estates.com\/#website","url":"https:\/\/higueron-estates.com\/","name":"Domaines Higueron","description":"","potentialAction":[{"@type":"SearchAction","target":{"@type":"EntryPoint","urlTemplate":"https:\/\/higueron-estates.com\/?s={search_term_string}"},"query-input":{"@type":"PropertyValueSpecification","valueRequired":true,"valueName":"search_term_string"}}],"inLanguage":"fr-FR"}]}},"_links":{"self":[{"href":"https:\/\/higueron-estates.com\/fr\/wp-json\/wp\/v2\/pages\/95","targetHints":{"allow":["GET"]}}],"collection":[{"href":"https:\/\/higueron-estates.com\/fr\/wp-json\/wp\/v2\/pages"}],"about":[{"href":"https:\/\/higueron-estates.com\/fr\/wp-json\/wp\/v2\/types\/page"}],"author":[{"embeddable":true,"href":"https:\/\/higueron-estates.com\/fr\/wp-json\/wp\/v2\/users\/1"}],"replies":[{"embeddable":true,"href":"https:\/\/higueron-estates.com\/fr\/wp-json\/wp\/v2\/comments?post=95"}],"version-history":[{"count":49,"href":"https:\/\/higueron-estates.com\/fr\/wp-json\/wp\/v2\/pages\/95\/revisions"}],"predecessor-version":[{"id":4411,"href":"https:\/\/higueron-estates.com\/fr\/wp-json\/wp\/v2\/pages\/95\/revisions\/4411"}],"wp:featuredmedia":[{"embeddable":true,"href":"https:\/\/higueron-estates.com\/fr\/wp-json\/wp\/v2\/media\/4313"}],"wp:attachment":[{"href":"https:\/\/higueron-estates.com\/fr\/wp-json\/wp\/v2\/media?parent=95"}],"curies":[{"name":"wp","href":"https:\/\/api.w.org\/{rel}","templated":true}]}}