{"id":95,"date":"2022-01-27T10:58:29","date_gmt":"2022-01-27T10:58:29","guid":{"rendered":"http:\/\/cognito.mprinsdesign.nl\/?page_id=95"},"modified":"2023-07-10T15:35:48","modified_gmt":"2023-07-10T15:35:48","slug":"il-complesso","status":"publish","type":"page","link":"https:\/\/higueron-estates.com\/it\/il-complesso\/","title":{"rendered":"Higueron Resort"},"content":{"rendered":"<section class=\"wpb-content-wrapper\"><div  class=\"content_row row page-content vc_row wpb_row  default-style fullwidth\" >\n\t\n\t<div class=\"content_row_wrapper  default\" >\n\t<div id=\"asdasd\" class=\"vc_col-sm-12 wpb_column vc_column_container\" >\n\t<div class=\"vc_column-inner\">\n\t\t<div class=\"wpb_wrapper\" >\n\t\t\t<div class=\"rt_heading_wrapper no-style\">\n\t\t\t\t\t\t<h1 class=\"rt_heading  no-style\"  style=\"font-size:24px;margin-top:24px;margin-bottom:0px;\">Resort a Higueron \u2013 <span class=\"after_h1\">Vivere nel lusso sulla Costa del Sol<\/span><\/h1> \n\t\t\t\t\t<\/div><div class=\"vc_empty_space\"   style=\"height: 32px\"><span class=\"vc_empty_space_inner\"><\/span><\/div><div class=\"vc_separator wpb_content_element vc_separator_align_center vc_sep_width_100 vc_sep_style-4 vc_sep_pos_align_center vc_separator_no_text vc_sep_color_grey\" ><span class=\"vc_sep_holder vc_sep_holder_l\"><span class=\"vc_sep_line\"><\/span><\/span><span class=\"vc_sep_holder vc_sep_holder_r\"><span class=\"vc_sep_line\"><\/span><\/span>\n<\/div><div class=\"vc_empty_space\"   style=\"height: 32px\"><span class=\"vc_empty_space_inner\"><\/span><\/div>\n\t<div class=\"wpb_text_column wpb_content_element\" >\n\t\t<div class=\"wpb_wrapper\">\n\t\t\t<div class=\"\">\n<p><b>Higuer\u00f3n Resorts: vivere in un lusso senza precedenti in una posizione privilegiata<\/b><\/p>\n<p><span style=\"font-weight: 400;\">L&#039;area tra Fuengirola e Benalm\u00e1dena si trova sulla Costa del Sol, nel sud della Spagna, ed \u00e8 nota per le sue bellissime spiagge, i villaggi pittoreschi e la vivace vita notturna. La zona \u00e8 frequentata da turisti provenienti da tutto il mondo e offre una vasta gamma di attivit\u00e0 e attrazioni per visitatori di tutte le et\u00e0.<\/span><\/p>\n<p><span style=\"font-weight: 400;\">Ecco una panoramica completa delle propriet\u00e0 disponibili in vendita in tutti i resort Higuer\u00f3n vicino alla costa tra Fuengirola e Benalm\u00e1dena<\/span><\/p>\n<p><span style=\"font-weight: 400;\">I resort residenziali Higuer\u00f3n sono progetti di nuova costruzione molto ricercati sulla Costa del Sol per la loro eccellente posizione, l&#039;alta qualit\u00e0 e il rapporto qualit\u00e0-prezzo unico. Ci\u00f2 ha portato a una grande popolarit\u00e0 tra gli acquirenti e gli sviluppi di Higueron sono i progetti di nuova costruzione pi\u00f9 venduti sulla costa. Il primo progetto,<b> Higueron Ovest<\/b>, \u00e8 gi\u00e0 stato esaurito e al momento della consegna il valore era aumentato enormemente. Qui le case sono disponibili solo per la rivendita. <\/span><\/p>\n<p><span style=\"font-weight: 400;\">Altri progetti residenziali disponibili da Higueron sono:\u00a0 <b>Aura Higueron<\/b> \u2013 72 moderni appartamenti e attici in collina con vista sul mare, <b>Ville Higueron<\/b> \u2013 26 ville moderne di 3-4 camere con piscina e vista mare, Lomas del Higuer\u00f3n \u2013 , Valle di Higuer\u00f3n, Higuer\u00f3n Sud e Spiaggia di Higueron. Questi offrono una vasta gamma di tipologie di propriet\u00e0, da moderni appartamenti e attici a spaziose ville e case a schiera, ognuna con le proprie caratteristiche e servizi unici. Su questo sito troverai una panoramica di tutti i progetti Higuer\u00f3n disponibili.<\/span><\/p>\n<\/div>\n<p><strong>Perch\u00e9 scegliere una casa in uno dei resort di Higuer\u00f3n?<\/strong><\/p>\n<ul>\n<li><strong>Bellissima posizione<\/strong>: Il resort si trova in una splendida posizione vicino alla costa tra Fuengirola e Benalm\u00e1dena sulla Costa del Sol. Ci\u00f2 significa che i residenti possono godersi il clima meraviglioso, le bellissime spiagge e le numerose opportunit\u00e0 ricreative della zona.<\/li>\n<li><strong>Dotazioni di lusso:<\/strong> Il resort Higuer\u00f3n offre servizi di lusso come spa, palestra, piscine e campi da tennis. I residenti possono quindi godersi appieno il loro tempo libero e rilassarsi in un ambiente splendido.<\/li>\n<li><strong>Alta qualit\u00e0:<\/strong> Le case del resort Higuer\u00f3n sono di alta qualit\u00e0 e offrono molti comfort. Sono progettati con un occhio per i dettagli e sono dotati di tecnologie e attrezzature moderne.<\/li>\n<li><strong>Investimento:<\/strong> Acquistare un immobile nella localit\u00e0 di Higuer\u00f3n pu\u00f2 essere un buon investimento. Le case mantengono bene il loro valore e potrebbero aumentare di valore in futuro.<\/li>\n<li><strong>Sicurezza:<\/strong> Il resort Higuer\u00f3n offre un ambiente sicuro per i residenti. La sicurezza \u00e8 attiva 24 ore su 24, 7 giorni su 7 e il resort \u00e8 accessibile solo ai residenti e ai loro ospiti.<\/li>\n<\/ul>\n<p>In breve, vivere in un resort di Higuer\u00f3n offre uno stile di vita fantastico e lussuoso in una posizione fantastica e sicura, probabilmente nelle migliori propriet\u00e0 della Costa del Sol.<\/p>\n\n\t\t<\/div>\n\t<\/div>\n\n\t\t<\/div>\n\t<\/div>\n\t<\/div>\n\n<\/div>\n<\/div>\n\n<div  class=\"content_row row page-content vc_row wpb_row  default-style fullwidth\" style=\"background-color: #bbac8c;\">\n\t\n\t<div class=\"content_row_wrapper  default\" >\n\t<div id=\"asdasd\" class=\"vc_col-sm-12 wpb_column vc_column_container\" >\n\t<div class=\"vc_column-inner\">\n\t\t<div class=\"wpb_wrapper\" >\n\t\t\t<div class=\"rt_heading_wrapper no-style\">\n\t\t\t\t\t\t<h1 class=\"rt_heading  no-style\"  style=\"font-size:24px;margin-top:24px;margin-bottom:0px;\">Caratteristiche - <span class=\"after_h1 white\">Resort Higueron \u2013 Costa del Sol<\/span><\/h1> \n\t\t\t\t\t<\/div><div class=\"vc_empty_space\"   style=\"height: 32px\"><span class=\"vc_empty_space_inner\"><\/span><\/div><div class=\"vc_separator wpb_content_element vc_separator_align_center vc_sep_width_100 vc_sep_style-4 vc_sep_pos_align_center vc_separator_no_text vc_sep_color_grey\" ><span class=\"vc_sep_holder vc_sep_holder_l\"><span class=\"vc_sep_line\"><\/span><\/span><span class=\"vc_sep_holder vc_sep_holder_r\"><span class=\"vc_sep_line\"><\/span><\/span>\n<\/div>\n\t<div class=\"wpb_text_column wpb_content_element\" >\n\t\t<div class=\"wpb_wrapper\">\n\t\t\t\t \n\t\t<div  class=\"bullet-list style-1  check\">\n\t\t<ul>\n<li>vivere in uno dei migliori progetti di nuova costruzione<\/li>\n<li>goditi la spiaggia, il mare e la natura ogni giorno<\/li>\n<li>servizi, spa, palestra, piscine, tennis, ecc.<\/li>\n<li>case di alta qualit\u00e0 e con grande comfort<\/li>\n<li>ambiente sicuro con sicurezza 24 ore su 24, 7 giorni su 7<\/li>\n<\/ul>\n\n\t\t<\/div>\n\t\n\n\t\t<\/div>\n\t<\/div>\n\n\t\t<\/div>\n\t<\/div>\n\t<\/div>\n\n<\/div>\n<\/div>\n\n<div  class=\"content_row row quote-row vc_row wpb_row  default-style fullwidth\" style=\"background-color: #fcfcfc;\">\n\t\n\t<div class=\"content_row_wrapper  fullwidth\" >\n\t<div id=\"asdasd\" class=\"vc_col-sm-12 wpb_column vc_column_container vc_custom_1644925648982\" >\n\t<div class=\"vc_column-inner\">\n\t\t<div class=\"wpb_wrapper\" >\n\t\t\t<div class=\"rt_heading_wrapper style-3\">\n\t\t\t\t\t\t<h4 class=\"rt_heading serif quote-max-width style-3\" >Maggiori informazioni sui progetti Higueron? Contattaci!<\/h4> \n\t\t\t\t\t<\/div>\n\t\t<\/div>\n\t<\/div>\n\t<\/div>\n\n<\/div>\n<\/div>\n\n<div  class=\"content_row row vc_row wpb_row  default-style fullwidth\" >\n\t\n\t<div class=\"content_row_wrapper  default\" >\n\t<div id=\"asdasd\" class=\"vc_col-sm-12 wpb_column vc_column_container\" >\n\t<div class=\"vc_column-inner\">\n\t\t<div class=\"wpb_wrapper\" >\n\t\t\t<div class=\"button_wrapper aligncenter\"><a  href=\"\/it\/maggiori-informazioni\/\" target=\"_self\" title=\"&gt; maggiori informazioni\" class=\"button_  style-2 small\">&gt; maggiori informazioni<\/a><\/div>\n\t\t<\/div>\n\t<\/div>\n\t<\/div>\n\n<\/div>\n<\/div>\n<\/section>","protected":false},"excerpt":{"rendered":"<p>\u2026 <a class=\"more-link\" href=\"https:\/\/higueron-estates.com\/it\/il-complesso\/\">Continua a leggere<\/a><\/p>","protected":false},"author":1,"featured_media":4313,"parent":0,"menu_order":3,"comment_status":"closed","ping_status":"closed","template":"","meta":{"footnotes":""},"class_list":["post-95","page","type-page","status-publish","has-post-thumbnail","hentry"],"yoast_head":"<!-- This site is optimized with the Yoast SEO plugin v26.0 - https:\/\/yoast.com\/wordpress\/plugins\/seo\/ -->\n<title>Higuer\u00f3n Resorts - Higuer\u00f3n Estates<\/title>\n<meta name=\"robots\" content=\"index, follow, max-snippet:-1, max-image-preview:large, max-video-preview:-1\" \/>\n<link rel=\"canonical\" href=\"https:\/\/higueron-estates.com\/it\/il-complesso\/\" \/>\n<meta property=\"og:locale\" content=\"it_IT\" \/>\n<meta property=\"og:type\" content=\"article\" \/>\n<meta property=\"og:title\" content=\"Higuer\u00f3n Resorts - Higuer\u00f3n Estates\" \/>\n<meta property=\"og:url\" content=\"https:\/\/higueron-estates.com\/it\/il-complesso\/\" \/>\n<meta property=\"og:site_name\" content=\"Higuer\u00f3n Estates\" \/>\n<meta property=\"article:modified_time\" content=\"2023-07-10T15:35:48+00:00\" \/>\n<meta property=\"og:image\" content=\"https:\/\/higueron-estates.com\/wp-content\/uploads\/sites\/26\/2023\/03\/terrace_2.jpg\" \/>\n\t<meta property=\"og:image:width\" content=\"1600\" \/>\n\t<meta property=\"og:image:height\" content=\"706\" \/>\n\t<meta property=\"og:image:type\" content=\"image\/jpeg\" \/>\n<meta name=\"twitter:card\" content=\"summary_large_image\" \/>\n<meta name=\"twitter:label1\" content=\"Tempo di lettura stimato\" \/>\n\t<meta name=\"twitter:data1\" content=\"4 minuti\" \/>\n<script type=\"application\/ld+json\" class=\"yoast-schema-graph\">{\"@context\":\"https:\/\/schema.org\",\"@graph\":[{\"@type\":\"WebPage\",\"@id\":\"https:\/\/higueron-estates.com\/het-complex\/\",\"url\":\"https:\/\/higueron-estates.com\/het-complex\/\",\"name\":\"Higuer\u00f3n Resorts - Higuer\u00f3n Estates\",\"isPartOf\":{\"@id\":\"https:\/\/higueron-estates.com\/#website\"},\"primaryImageOfPage\":{\"@id\":\"https:\/\/higueron-estates.com\/het-complex\/#primaryimage\"},\"image\":{\"@id\":\"https:\/\/higueron-estates.com\/het-complex\/#primaryimage\"},\"thumbnailUrl\":\"https:\/\/higueron-estates.com\/wp-content\/uploads\/sites\/26\/2023\/03\/terrace_2.jpg\",\"datePublished\":\"2022-01-27T10:58:29+00:00\",\"dateModified\":\"2023-07-10T15:35:48+00:00\",\"breadcrumb\":{\"@id\":\"https:\/\/higueron-estates.com\/het-complex\/#breadcrumb\"},\"inLanguage\":\"it-IT\",\"potentialAction\":[{\"@type\":\"ReadAction\",\"target\":[\"https:\/\/higueron-estates.com\/het-complex\/\"]}]},{\"@type\":\"ImageObject\",\"inLanguage\":\"it-IT\",\"@id\":\"https:\/\/higueron-estates.com\/het-complex\/#primaryimage\",\"url\":\"https:\/\/higueron-estates.com\/wp-content\/uploads\/sites\/26\/2023\/03\/terrace_2.jpg\",\"contentUrl\":\"https:\/\/higueron-estates.com\/wp-content\/uploads\/sites\/26\/2023\/03\/terrace_2.jpg\",\"width\":1600,\"height\":706},{\"@type\":\"BreadcrumbList\",\"@id\":\"https:\/\/higueron-estates.com\/het-complex\/#breadcrumb\",\"itemListElement\":[{\"@type\":\"ListItem\",\"position\":1,\"name\":\"Home\",\"item\":\"https:\/\/higueron-estates.com\/\"},{\"@type\":\"ListItem\",\"position\":2,\"name\":\"Higuer\u00f3n Resorts\"}]},{\"@type\":\"WebSite\",\"@id\":\"https:\/\/higueron-estates.com\/#website\",\"url\":\"https:\/\/higueron-estates.com\/\",\"name\":\"Higuer\u00f3n Estates\",\"description\":\"\",\"potentialAction\":[{\"@type\":\"SearchAction\",\"target\":{\"@type\":\"EntryPoint\",\"urlTemplate\":\"https:\/\/higueron-estates.com\/?s={search_term_string}\"},\"query-input\":{\"@type\":\"PropertyValueSpecification\",\"valueRequired\":true,\"valueName\":\"search_term_string\"}}],\"inLanguage\":\"it-IT\"}]}<\/script>\n<!-- \/ Yoast SEO plugin. -->","yoast_head_json":{"title":"Resort Higueron - Tenute Higueron","robots":{"index":"index","follow":"follow","max-snippet":"max-snippet:-1","max-image-preview":"max-image-preview:large","max-video-preview":"max-video-preview:-1"},"canonical":"https:\/\/higueron-estates.com\/it\/il-complesso\/","og_locale":"it_IT","og_type":"article","og_title":"Higuer\u00f3n Resorts - Higuer\u00f3n Estates","og_url":"https:\/\/higueron-estates.com\/it\/il-complesso\/","og_site_name":"Higuer\u00f3n Estates","article_modified_time":"2023-07-10T15:35:48+00:00","og_image":[{"width":1600,"height":706,"url":"https:\/\/higueron-estates.com\/wp-content\/uploads\/sites\/26\/2023\/03\/terrace_2.jpg","type":"image\/jpeg"}],"twitter_card":"summary_large_image","twitter_misc":{"Tempo di lettura stimato":"4 minuti"},"schema":{"@context":"https:\/\/schema.org","@graph":[{"@type":"WebPage","@id":"https:\/\/higueron-estates.com\/het-complex\/","url":"https:\/\/higueron-estates.com\/het-complex\/","name":"Resort Higueron - Tenute Higueron","isPartOf":{"@id":"https:\/\/higueron-estates.com\/#website"},"primaryImageOfPage":{"@id":"https:\/\/higueron-estates.com\/het-complex\/#primaryimage"},"image":{"@id":"https:\/\/higueron-estates.com\/het-complex\/#primaryimage"},"thumbnailUrl":"https:\/\/higueron-estates.com\/wp-content\/uploads\/sites\/26\/2023\/03\/terrace_2.jpg","datePublished":"2022-01-27T10:58:29+00:00","dateModified":"2023-07-10T15:35:48+00:00","breadcrumb":{"@id":"https:\/\/higueron-estates.com\/het-complex\/#breadcrumb"},"inLanguage":"it-IT","potentialAction":[{"@type":"ReadAction","target":["https:\/\/higueron-estates.com\/het-complex\/"]}]},{"@type":"ImageObject","inLanguage":"it-IT","@id":"https:\/\/higueron-estates.com\/het-complex\/#primaryimage","url":"https:\/\/higueron-estates.com\/wp-content\/uploads\/sites\/26\/2023\/03\/terrace_2.jpg","contentUrl":"https:\/\/higueron-estates.com\/wp-content\/uploads\/sites\/26\/2023\/03\/terrace_2.jpg","width":1600,"height":706},{"@type":"BreadcrumbList","@id":"https:\/\/higueron-estates.com\/het-complex\/#breadcrumb","itemListElement":[{"@type":"ListItem","position":1,"name":"Home","item":"https:\/\/higueron-estates.com\/"},{"@type":"ListItem","position":2,"name":"Higuer\u00f3n Resorts"}]},{"@type":"WebSite","@id":"https:\/\/higueron-estates.com\/#website","url":"https:\/\/higueron-estates.com\/","name":"Higueron Estates","description":"","potentialAction":[{"@type":"SearchAction","target":{"@type":"EntryPoint","urlTemplate":"https:\/\/higueron-estates.com\/?s={search_term_string}"},"query-input":{"@type":"PropertyValueSpecification","valueRequired":true,"valueName":"search_term_string"}}],"inLanguage":"it-IT"}]}},"_links":{"self":[{"href":"https:\/\/higueron-estates.com\/it\/wp-json\/wp\/v2\/pages\/95","targetHints":{"allow":["GET"]}}],"collection":[{"href":"https:\/\/higueron-estates.com\/it\/wp-json\/wp\/v2\/pages"}],"about":[{"href":"https:\/\/higueron-estates.com\/it\/wp-json\/wp\/v2\/types\/page"}],"author":[{"embeddable":true,"href":"https:\/\/higueron-estates.com\/it\/wp-json\/wp\/v2\/users\/1"}],"replies":[{"embeddable":true,"href":"https:\/\/higueron-estates.com\/it\/wp-json\/wp\/v2\/comments?post=95"}],"version-history":[{"count":49,"href":"https:\/\/higueron-estates.com\/it\/wp-json\/wp\/v2\/pages\/95\/revisions"}],"predecessor-version":[{"id":4411,"href":"https:\/\/higueron-estates.com\/it\/wp-json\/wp\/v2\/pages\/95\/revisions\/4411"}],"wp:featuredmedia":[{"embeddable":true,"href":"https:\/\/higueron-estates.com\/it\/wp-json\/wp\/v2\/media\/4313"}],"wp:attachment":[{"href":"https:\/\/higueron-estates.com\/it\/wp-json\/wp\/v2\/media?parent=95"}],"curies":[{"name":"wp","href":"https:\/\/api.w.org\/{rel}","templated":true}]}}