{"id":4069,"date":"2022-10-20T09:18:52","date_gmt":"2022-10-20T09:18:52","guid":{"rendered":"https:\/\/new2.minisites.casadelmar.nl\/?page_id=4069"},"modified":"2023-04-25T11:23:59","modified_gmt":"2023-04-25T11:23:59","slug":"o-nas","status":"publish","type":"page","link":"https:\/\/higueron-estates.com\/pl\/o-nas\/","title":{"rendered":"O nas"},"content":{"rendered":"<section class=\"wpb-content-wrapper\"><div  class=\"content_row row vc_row wpb_row  default-style fullwidth rt-flex-wrapper\" >\n\t\n\t<div class=\"content_row_wrapper align-contents content-align-bottom default\" >\n\t<div id=\"asdasd\" class=\"vc_col-sm-12 wpb_column vc_column_container\" >\n\t<div class=\"vc_column-inner\">\n\t\t<div class=\"wpb_wrapper\" >\n\t\t\t\n\t\t\t<!-- START overonsslider REVOLUTION SLIDER 6.5.16 --><p class=\"rs-p-wp-fix\"><\/p>\n\t\t\t<rs-module-wrap id=\"rev_slider_1_1_wrapper\" data-source=\"gallery\" style=\"visibility:hidden;background:transparent;padding:0;margin:0px auto;margin-top:0;margin-bottom:0;\">\n\t\t\t\t<rs-module id=\"rev_slider_1_1\" style=\"\" data-version=\"6.5.16\">\n\t\t\t\t\t<rs-slides>\n\t\t\t\t\t\t<rs-slide style=\"position: absolute;\" data-key=\"rs-1\" data-title=\"Slide\" data-ssop=\"true\" data-anim=\"ms:600;\" data-in=\"o:0;\" data-out=\"a:false;\">\n\t\t\t\t\t\t\t<img decoding=\"async\" src=\"\/\/higueron-estates.com\/wp-content\/plugins\/revslider\/public\/assets\/assets\/dummy.png\" alt=\"Slajd\" title=\"O nas\" class=\"rev-slidebg tp-rs-img rs-lazyload\" data-lazyload=\"\/\/higueron-estates.com\/wp-content\/plugins\/revslider\/public\/assets\/assets\/transparent.png\" data-no-retina>\n<!--\n\t\t\t\t\t\t\t--><rs-layer\n\t\t\t\t\t\t\t\tid=\"slider-1-slide-1-layer-7\" \n\t\t\t\t\t\t\t\tdata-type=\"image\"\n\t\t\t\t\t\t\t\tdata-rsp_ch=\"on\"\n\t\t\t\t\t\t\t\tdata-xy=\"x:-101px;y:-112px;\"\n\t\t\t\t\t\t\t\tdata-text=\"l:22;a:inherit;\"\n\t\t\t\t\t\t\t\tdata-dim=\"w:1448px;h:724px;\"\n\t\t\t\t\t\t\t\tdata-frame_0=\"tp:600;\"\n\t\t\t\t\t\t\t\tdata-frame_1=\"tp:600;st:0;\"\n\t\t\t\t\t\t\t\tdata-frame_999=\"o:0;tp:600;st:w;sR:5700;\"\n\t\t\t\t\t\t\t\tstyle=\"z-index:5;\"\n\t\t\t\t\t\t\t><img fetchpriority=\"high\" decoding=\"async\" src=\"\/\/higueron-estates.com\/wp-content\/plugins\/revslider\/public\/assets\/assets\/dummy.png\" alt=\"\" class=\"tp-rs-img rs-lazyload\" width=\"1456\" height=\"728\" data-lazyload=\"\/\/new2.minisites.casadelmar.nl\/wp-content\/uploads\/sites\/10\/2022\/10\/slg-property-alharin-vista-golf-1.jpg\" data-no-retina> \n\t\t\t\t\t\t\t<\/rs-layer><!--\n-->\t\t\t\t\t\t<\/rs-slide>\n\t\t\t\t\t<\/rs-slides>\n\t\t\t\t<\/rs-module>\n\t\t\t\t<script>\n\t\t\t\t\tsetREVStartSize({c: 'rev_slider_1_1',rl:[1240,1024,778,480],el:[464],gw:[1240],gh:[464],type:'standard',justify:'',layout:'fullwidth',mh:\"0\"});if (window.RS_MODULES!==undefined && window.RS_MODULES.modules!==undefined && window.RS_MODULES.modules[\"revslider11\"]!==undefined) {window.RS_MODULES.modules[\"revslider11\"].once = false;window.revapi1 = undefined;if (window.RS_MODULES.checkMinimal!==undefined) window.RS_MODULES.checkMinimal()}\n\t\t\t\t<\/script>\n\t\t\t<\/rs-module-wrap>\n\t\t\t<!-- END REVOLUTION SLIDER -->\n\n\t<div class=\"wpb_text_column wpb_content_element\" >\n\t\t<div class=\"wpb_wrapper\">\n\t\t\t<p><!-- \/wp:post-content --><\/p>\n<p><!-- wp:shortcode --><\/p>\n\n\t\t<\/div>\n\t<\/div>\n\n\t\t<\/div>\n\t<\/div>\n\t<\/div>\n\n<\/div>\n<\/div>\n\n<div  class=\"content_row row vc_row wpb_row  default-style fullwidth\" >\n\t\n\t<div class=\"content_row_wrapper  default\" >\n\t<div id=\"asdasd\" class=\"vc_col-sm-12 wpb_column vc_column_container\" >\n\t<div class=\"vc_column-inner\">\n\t\t<div class=\"wpb_wrapper\" >\n\t\t\t\n\t<div class=\"wpb_text_column wpb_content_element\" >\n\t\t<div class=\"wpb_wrapper\">\n\t\t\t<h3>SLG Property \u2013 dla nowego budynku Carihuela Beach<\/h3>\n<p>SLG Property sk\u0142ada si\u0119 z zespo\u0142u do\u015bwiadczonych i kompetentnych agent\u00f3w nieruchomo\u015bci na Costa del Sol. Za\u0142o\u017cyciel Ron de Vries od ponad dwudziestu lat jest agentem nieruchomo\u015bci na Costa del Sol. Dzi\u0119ki rozbudowanej sieci deweloper\u00f3w, SLG jest jednym z niewielu biur na Costa del Sol, kt\u00f3re mo\u017ce zaoferowa\u0107 prawie wszystkie nowe projekty budowlane na Costa del Sol, w tym nowe budownictwo w pobli\u017cu pla\u017cy Carihuela. Jako niezale\u017cny agent nieruchomo\u015bci, SLG Property mo\u017ce naprawd\u0119 postawi\u0107 Twoje \u017cyczenia na pierwszym miejscu. Dzi\u0119ki dobrym relacjom z deweloperami i hiszpa\u0144skimi bankami, SLG property mo\u017ce oferowa\u0107 najciekawsze nowe projekty budowlane, zw\u0142aszcza jako jeden z niewielu po\u015brednik\u00f3w spoza Hiszpanii. Nowe inwestycje zlokalizowane wok\u00f3\u0142 s\u0142ynnej pla\u017cy Carihuela ciesz\u0105 si\u0119 du\u017cym zainteresowaniem; jedna z najpi\u0119kniejszych pla\u017c na wybrze\u017cu Costa del Sol o d\u0142ugo\u015bci 2 km, rozkoszuj si\u0119 i ucztuj w restauracjach serwuj\u0105cych pyszne dania kuchni lokalnej i przytulnych barach ze specjalnymi drinkami, raj zakupowy ze sklepami w ka\u017cdej okolicy, mn\u00f3stwo mo\u017cliwo\u015bci uprawiania sport\u00f3w, takich jak sporty wodne , jazda na rowerze, spacery i golf, niewielka odleg\u0142o\u015b\u0107 od lotniska, doskona\u0142a infrastruktura, a zatem dobra baza wypadowa do zwiedzania okolicznych miast i wsi, takich jak Malaga, Marbella i Fuengirola.<\/p>\n<p>SLG ma r\u00f3wnie\u017c dedykowan\u0105 stron\u0119 internetow\u0105 <a href=\"https:\/\/www.nieuwbouwspanje.com\" target=\"_blank\" rel=\"noopener\">szereg nowych projekt\u00f3w budowlanych na Costa del Sol<\/a> . Skontaktuj si\u0119 z nami, aby uzyska\u0107 wi\u0119cej informacji lub um\u00f3wi\u0107 si\u0119 na spotkanie wprowadzaj\u0105ce.<\/p>\n\n\t\t<\/div>\n\t<\/div>\n\n\t\t<\/div>\n\t<\/div>\n\t<\/div>\n\n<\/div>\n<\/div>\n\n<div  class=\"content_row row vc_row wpb_row  default-style fullwidth\" >\n\t\n\t<div class=\"content_row_wrapper  default\" >\n\t<div id=\"asdasd\" class=\"vc_col-sm-12 wpb_column vc_column_container\" >\n\t<div class=\"vc_column-inner\">\n\t\t<div class=\"wpb_wrapper\" >\n\t\t\t\n\t<div class=\"wpb_text_column wpb_content_element\" >\n\t\t<div class=\"wpb_wrapper\">\n\t\t\t<p><!-- \/wp:shortcode --><\/p>\n\n\t\t<\/div>\n\t<\/div>\n\n\t\t<\/div>\n\t<\/div>\n\t<\/div>\n\n<\/div>\n<\/div><\/section>","protected":false},"excerpt":{"rendered":"<p>\u2026 <a class=\"more-link\" href=\"https:\/\/higueron-estates.com\/pl\/o-nas\/\">Kontynuuj czytanie<\/a><\/p>","protected":false},"author":1,"featured_media":0,"parent":0,"menu_order":0,"comment_status":"closed","ping_status":"closed","template":"","meta":{"footnotes":""},"class_list":["post-4069","page","type-page","status-publish","hentry"],"yoast_head":"<!-- This site is optimized with the Yoast SEO plugin v26.0 - https:\/\/yoast.com\/wordpress\/plugins\/seo\/ -->\n<title>Over ons - Higuer\u00f3n Estates<\/title>\n<meta name=\"robots\" content=\"index, follow, max-snippet:-1, max-image-preview:large, max-video-preview:-1\" \/>\n<link rel=\"canonical\" href=\"https:\/\/higueron-estates.com\/pl\/o-nas\/\" \/>\n<meta property=\"og:locale\" content=\"pl_PL\" \/>\n<meta property=\"og:type\" content=\"article\" \/>\n<meta property=\"og:title\" content=\"Over ons - Higuer\u00f3n Estates\" \/>\n<meta property=\"og:url\" content=\"https:\/\/higueron-estates.com\/pl\/o-nas\/\" \/>\n<meta property=\"og:site_name\" content=\"Higuer\u00f3n Estates\" \/>\n<meta property=\"article:modified_time\" content=\"2023-04-25T11:23:59+00:00\" \/>\n<meta name=\"twitter:card\" content=\"summary_large_image\" \/>\n<meta name=\"twitter:label1\" content=\"Szacowany czas czytania\" \/>\n\t<meta name=\"twitter:data1\" content=\"2 minuty\" \/>\n<script type=\"application\/ld+json\" class=\"yoast-schema-graph\">{\"@context\":\"https:\/\/schema.org\",\"@graph\":[{\"@type\":\"WebPage\",\"@id\":\"https:\/\/higueron-estates.com\/over-ons\/\",\"url\":\"https:\/\/higueron-estates.com\/over-ons\/\",\"name\":\"Over ons - Higuer\u00f3n Estates\",\"isPartOf\":{\"@id\":\"https:\/\/higueron-estates.com\/#website\"},\"datePublished\":\"2022-10-20T09:18:52+00:00\",\"dateModified\":\"2023-04-25T11:23:59+00:00\",\"breadcrumb\":{\"@id\":\"https:\/\/higueron-estates.com\/over-ons\/#breadcrumb\"},\"inLanguage\":\"pl-PL\",\"potentialAction\":[{\"@type\":\"ReadAction\",\"target\":[\"https:\/\/higueron-estates.com\/over-ons\/\"]}]},{\"@type\":\"BreadcrumbList\",\"@id\":\"https:\/\/higueron-estates.com\/over-ons\/#breadcrumb\",\"itemListElement\":[{\"@type\":\"ListItem\",\"position\":1,\"name\":\"Home\",\"item\":\"https:\/\/higueron-estates.com\/\"},{\"@type\":\"ListItem\",\"position\":2,\"name\":\"Over ons\"}]},{\"@type\":\"WebSite\",\"@id\":\"https:\/\/higueron-estates.com\/#website\",\"url\":\"https:\/\/higueron-estates.com\/\",\"name\":\"Higuer\u00f3n Estates\",\"description\":\"\",\"potentialAction\":[{\"@type\":\"SearchAction\",\"target\":{\"@type\":\"EntryPoint\",\"urlTemplate\":\"https:\/\/higueron-estates.com\/?s={search_term_string}\"},\"query-input\":{\"@type\":\"PropertyValueSpecification\",\"valueRequired\":true,\"valueName\":\"search_term_string\"}}],\"inLanguage\":\"pl-PL\"}]}<\/script>\n<!-- \/ Yoast SEO plugin. -->","yoast_head_json":{"title":"O nas - Higuer\u00f3n Estates","robots":{"index":"index","follow":"follow","max-snippet":"max-snippet:-1","max-image-preview":"max-image-preview:large","max-video-preview":"max-video-preview:-1"},"canonical":"https:\/\/higueron-estates.com\/pl\/o-nas\/","og_locale":"pl_PL","og_type":"article","og_title":"Over ons - Higuer\u00f3n Estates","og_url":"https:\/\/higueron-estates.com\/pl\/o-nas\/","og_site_name":"Higuer\u00f3n Estates","article_modified_time":"2023-04-25T11:23:59+00:00","twitter_card":"summary_large_image","twitter_misc":{"Szacowany czas czytania":"2 minuty"},"schema":{"@context":"https:\/\/schema.org","@graph":[{"@type":"WebPage","@id":"https:\/\/higueron-estates.com\/over-ons\/","url":"https:\/\/higueron-estates.com\/over-ons\/","name":"O nas - Higuer\u00f3n Estates","isPartOf":{"@id":"https:\/\/higueron-estates.com\/#website"},"datePublished":"2022-10-20T09:18:52+00:00","dateModified":"2023-04-25T11:23:59+00:00","breadcrumb":{"@id":"https:\/\/higueron-estates.com\/over-ons\/#breadcrumb"},"inLanguage":"pl-PL","potentialAction":[{"@type":"ReadAction","target":["https:\/\/higueron-estates.com\/over-ons\/"]}]},{"@type":"BreadcrumbList","@id":"https:\/\/higueron-estates.com\/over-ons\/#breadcrumb","itemListElement":[{"@type":"ListItem","position":1,"name":"Home","item":"https:\/\/higueron-estates.com\/"},{"@type":"ListItem","position":2,"name":"Over ons"}]},{"@type":"WebSite","@id":"https:\/\/higueron-estates.com\/#website","url":"https:\/\/higueron-estates.com\/","name":"Posiad\u0142o\u015bci Higueron","description":"","potentialAction":[{"@type":"SearchAction","target":{"@type":"EntryPoint","urlTemplate":"https:\/\/higueron-estates.com\/?s={search_term_string}"},"query-input":{"@type":"PropertyValueSpecification","valueRequired":true,"valueName":"search_term_string"}}],"inLanguage":"pl-PL"}]}},"_links":{"self":[{"href":"https:\/\/higueron-estates.com\/pl\/wp-json\/wp\/v2\/pages\/4069","targetHints":{"allow":["GET"]}}],"collection":[{"href":"https:\/\/higueron-estates.com\/pl\/wp-json\/wp\/v2\/pages"}],"about":[{"href":"https:\/\/higueron-estates.com\/pl\/wp-json\/wp\/v2\/types\/page"}],"author":[{"embeddable":true,"href":"https:\/\/higueron-estates.com\/pl\/wp-json\/wp\/v2\/users\/1"}],"replies":[{"embeddable":true,"href":"https:\/\/higueron-estates.com\/pl\/wp-json\/wp\/v2\/comments?post=4069"}],"version-history":[{"count":16,"href":"https:\/\/higueron-estates.com\/pl\/wp-json\/wp\/v2\/pages\/4069\/revisions"}],"predecessor-version":[{"id":4349,"href":"https:\/\/higueron-estates.com\/pl\/wp-json\/wp\/v2\/pages\/4069\/revisions\/4349"}],"wp:attachment":[{"href":"https:\/\/higueron-estates.com\/pl\/wp-json\/wp\/v2\/media?parent=4069"}],"curies":[{"name":"wp","href":"https:\/\/api.w.org\/{rel}","templated":true}]}}