{"id":95,"date":"2022-01-27T10:58:29","date_gmt":"2022-01-27T10:58:29","guid":{"rendered":"http:\/\/cognito.mprinsdesign.nl\/?page_id=95"},"modified":"2023-07-10T15:35:48","modified_gmt":"2023-07-10T15:35:48","slug":"kompleks","status":"publish","type":"page","link":"https:\/\/higueron-estates.com\/pl\/kompleks\/","title":{"rendered":"Kurorty Higueron"},"content":{"rendered":"<section class=\"wpb-content-wrapper\"><div  class=\"content_row row page-content vc_row wpb_row  default-style fullwidth\" >\n\t\n\t<div class=\"content_row_wrapper  default\" >\n\t<div id=\"asdasd\" class=\"vc_col-sm-12 wpb_column vc_column_container\" >\n\t<div class=\"vc_column-inner\">\n\t\t<div class=\"wpb_wrapper\" >\n\t\t\t<div class=\"rt_heading_wrapper no-style\">\n\t\t\t\t\t\t<h1 class=\"rt_heading  no-style\"  style=\"font-size:24px;margin-top:24px;margin-bottom:0px;\">Hotele Higueron \u2013 <span class=\"after_h1\">\u017bycie w luksusie na Costa del Sol<\/span><\/h1> \n\t\t\t\t\t<\/div><div class=\"vc_empty_space\"   style=\"height: 32px\"><span class=\"vc_empty_space_inner\"><\/span><\/div><div class=\"vc_separator wpb_content_element vc_separator_align_center vc_sep_width_100 vc_sep_style-4 vc_sep_pos_align_center vc_separator_no_text vc_sep_color_grey\" ><span class=\"vc_sep_holder vc_sep_holder_l\"><span class=\"vc_sep_line\"><\/span><\/span><span class=\"vc_sep_holder vc_sep_holder_r\"><span class=\"vc_sep_line\"><\/span><\/span>\n<\/div><div class=\"vc_empty_space\"   style=\"height: 32px\"><span class=\"vc_empty_space_inner\"><\/span><\/div>\n\t<div class=\"wpb_text_column wpb_content_element\" >\n\t\t<div class=\"wpb_wrapper\">\n\t\t\t<div class=\"\">\n<p><b>Higuer\u00f3n Resorts \u2013 \u017cycie w niespotykanym luksusie w doskona\u0142ej lokalizacji<\/b><\/p>\n<p><span style=\"font-weight: 400;\">Obszar pomi\u0119dzy Fuengirol\u0105 i Benalm\u00e1den\u0105 znajduje si\u0119 na wybrze\u017cu Costa del Sol w po\u0142udniowej Hiszpanii i s\u0142ynie z pi\u0119knych pla\u017c, uroczych wiosek i t\u0119tni\u0105cego \u017cyciem nocnego \u017cycia. Obszar ten jest popularny w\u015br\u00f3d turyst\u00f3w z ca\u0142ego \u015bwiata i oferuje szerok\u0105 gam\u0119 zaj\u0119\u0107 i atrakcji dla go\u015bci w ka\u017cdym wieku.<\/span><\/p>\n<p><span style=\"font-weight: 400;\">Oto ca\u0142kowity przegl\u0105d dost\u0119pnych nieruchomo\u015bci zajmowanych przez w\u0142a\u015bcicieli we wszystkich kurortach Higuer\u00f3n na wybrze\u017cu pomi\u0119dzy Fuengirola i Benalm\u00e1dena<\/span><\/p>\n<p><span style=\"font-weight: 400;\">O\u015brodki mieszkalne Higuer\u00f3n ciesz\u0105 si\u0119 du\u017cym zainteresowaniem w\u015br\u00f3d nowych inwestycji na Costa del Sol ze wzgl\u0119du na ich doskona\u0142\u0105 lokalizacj\u0119, wysok\u0105 jako\u015b\u0107 i wyj\u0105tkowy stosunek jako\u015bci do ceny. Doprowadzi\u0142o to do du\u017cej popularno\u015bci w\u015br\u00f3d kupuj\u0105cych, a inwestycje Higueron s\u0105 najlepiej sprzedaj\u0105cymi si\u0119 nowymi inwestycjami na wybrze\u017cu. Pierwszy projekt,<b> Higueron West<\/b>, zosta\u0142 ju\u017c wyprzedany, a jego warto\u015b\u0107 ogromnie wzros\u0142a po dostawie. Tutaj dost\u0119pne s\u0105 wy\u0142\u0105cznie nieruchomo\u015bci na sprzeda\u017c. <\/span><\/p>\n<p><span style=\"font-weight: 400;\">Inne nadal dost\u0119pne projekty mieszkaniowe Higueron to:\u00a0 <b>Aura Higueron<\/b> \u2013 72 nowoczesne apartamenty i penthouse\u2019y na wzg\u00f3rzach z widokiem na morze, <b>Willa Higueron<\/b> \u2013 26 nowoczesnych willi z 3 lub 4 sypialniami, z widokiem na basen i morze, Lomas del Higuer\u00f3n \u2013, Dolina Higuer\u00f3n, Higuer\u00f3n South i Higueron Beach. Oferuj\u0105 one szerok\u0105 gam\u0119 typ\u00f3w mieszka\u0144, od wsp\u00f3\u0142czesnych apartament\u00f3w i penthouse&#039;\u00f3w po przestronne wille i kamienice, ka\u017cdy z w\u0142asnymi unikalnymi cechami i udogodnieniami. Na tej stronie znajdziesz przegl\u0105d wszystkich dost\u0119pnych projekt\u00f3w Higuer\u00f3n.<\/span><\/p>\n<\/div>\n<p><strong>Dlaczego warto wybra\u0107 nieruchomo\u015b\u0107 w jednym z kurort\u00f3w Higueron?<\/strong><\/p>\n<ul>\n<li><strong>Pi\u0119kna lokalizacja<\/strong>: O\u015brodek cieszy si\u0119 pi\u0119kn\u0105 lokalizacj\u0105 w pobli\u017cu wybrze\u017ca, pomi\u0119dzy Fuengirol\u0105 i Benalm\u00e1den\u0105 na wybrze\u017cu Costa del Sol. Oznacza to, \u017ce mieszka\u0144cy mog\u0105 cieszy\u0107 si\u0119 wspania\u0142ym klimatem, pi\u0119knymi pla\u017cami i wieloma mo\u017cliwo\u015bciami rekreacji w okolicy.<\/li>\n<li><strong>Luksusowe udogodnienia:<\/strong> O\u015brodek Higuer\u00f3n oferuje luksusowe udogodnienia, takie jak spa, si\u0142ownia, baseny i korty tenisowe. Mieszka\u0144cy mog\u0105 dzi\u0119ki temu w pe\u0142ni cieszy\u0107 si\u0119 wolnym czasem i odpoczywa\u0107 w pi\u0119knym otoczeniu.<\/li>\n<li><strong>Wysoka jako\u015b\u0107:<\/strong> Domy w kurorcie Higuer\u00f3n s\u0105 wysokiej jako\u015bci i oferuj\u0105 du\u017cy komfort. Zaprojektowane s\u0105 z dba\u0142o\u015bci\u0105 o szczeg\u00f3\u0142y i wyposa\u017cone w nowoczesne technologie i sprz\u0119t.<\/li>\n<li><strong>Inwestycja:<\/strong> Zakup nieruchomo\u015bci w kurorcie Higuer\u00f3n mo\u017ce by\u0107 dobr\u0105 inwestycj\u0105. Domy dobrze zachowuj\u0105 swoj\u0105 warto\u015b\u0107 i mog\u0105 wzrosn\u0105\u0107 w przysz\u0142o\u015bci.<\/li>\n<li><strong>Bezpiecze\u0144stwo:<\/strong> O\u015brodek Higuer\u00f3n zapewnia mieszka\u0144com bezpieczne \u015brodowisko. O\u015brodek jest obj\u0119ty ca\u0142odobow\u0105 ochron\u0105, a dost\u0119p do o\u015brodka maj\u0105 wy\u0142\u0105cznie mieszka\u0144cy i ich go\u015bcie.<\/li>\n<\/ul>\n<p>Kr\u00f3tko m\u00f3wi\u0105c, \u017cycie w kurorcie Higuer\u00f3n oferuje fantastyczny, luksusowy styl \u017cycia w fantastycznej, bezpiecznej lokalizacji, w prawdopodobnie najlepszych nieruchomo\u015bciach na Costa del Sol.<\/p>\n\n\t\t<\/div>\n\t<\/div>\n\n\t\t<\/div>\n\t<\/div>\n\t<\/div>\n\n<\/div>\n<\/div>\n\n<div  class=\"content_row row page-content vc_row wpb_row  default-style fullwidth\" style=\"background-color: #bbac8c;\">\n\t\n\t<div class=\"content_row_wrapper  default\" >\n\t<div id=\"asdasd\" class=\"vc_col-sm-12 wpb_column vc_column_container\" >\n\t<div class=\"vc_column-inner\">\n\t\t<div class=\"wpb_wrapper\" >\n\t\t\t<div class=\"rt_heading_wrapper no-style\">\n\t\t\t\t\t\t<h1 class=\"rt_heading  no-style\"  style=\"font-size:24px;margin-top:24px;margin-bottom:0px;\">Cechy - <span class=\"after_h1 white\">Higueron Resorts \u2013 Costa del Sol<\/span><\/h1> \n\t\t\t\t\t<\/div><div class=\"vc_empty_space\"   style=\"height: 32px\"><span class=\"vc_empty_space_inner\"><\/span><\/div><div class=\"vc_separator wpb_content_element vc_separator_align_center vc_sep_width_100 vc_sep_style-4 vc_sep_pos_align_center vc_separator_no_text vc_sep_color_grey\" ><span class=\"vc_sep_holder vc_sep_holder_l\"><span class=\"vc_sep_line\"><\/span><\/span><span class=\"vc_sep_holder vc_sep_holder_r\"><span class=\"vc_sep_line\"><\/span><\/span>\n<\/div>\n\t<div class=\"wpb_text_column wpb_content_element\" >\n\t\t<div class=\"wpb_wrapper\">\n\t\t\t\t \n\t\t<div  class=\"bullet-list style-1  check\">\n\t\t<ul>\n<li>mieszkanie w jednym z najlepszych nowych projekt\u00f3w budowlanych<\/li>\n<li>codzienna rado\u015b\u0107 z pla\u017cy, morza i przyrody<\/li>\n<li>udogodnienia, spa, si\u0142ownia, baseny, tenis itp.<\/li>\n<li>domy o wysokiej jako\u015bci i du\u017cym komforcie<\/li>\n<li>bezpieczne \u015brodowisko z ca\u0142odobow\u0105 ochron\u0105<\/li>\n<\/ul>\n\n\t\t<\/div>\n\t\n\n\t\t<\/div>\n\t<\/div>\n\n\t\t<\/div>\n\t<\/div>\n\t<\/div>\n\n<\/div>\n<\/div>\n\n<div  class=\"content_row row quote-row vc_row wpb_row  default-style fullwidth\" style=\"background-color: #fcfcfc;\">\n\t\n\t<div class=\"content_row_wrapper  fullwidth\" >\n\t<div id=\"asdasd\" class=\"vc_col-sm-12 wpb_column vc_column_container vc_custom_1644925648982\" >\n\t<div class=\"vc_column-inner\">\n\t\t<div class=\"wpb_wrapper\" >\n\t\t\t<div class=\"rt_heading_wrapper style-3\">\n\t\t\t\t\t\t<h4 class=\"rt_heading serif quote-max-width style-3\" >Wi\u0119cej informacji o projektach Higueron? Skontaktuj si\u0119!<\/h4> \n\t\t\t\t\t<\/div>\n\t\t<\/div>\n\t<\/div>\n\t<\/div>\n\n<\/div>\n<\/div>\n\n<div  class=\"content_row row vc_row wpb_row  default-style fullwidth\" >\n\t\n\t<div class=\"content_row_wrapper  default\" >\n\t<div id=\"asdasd\" class=\"vc_col-sm-12 wpb_column vc_column_container\" >\n\t<div class=\"vc_column-inner\">\n\t\t<div class=\"wpb_wrapper\" >\n\t\t\t<div class=\"button_wrapper aligncenter\"><a  href=\"\/pl\/wiecej-informacji\/\" target=\"_self\" title=\"&gt; wi\u0119cej informacji\" class=\"button_  style-2 small\">&gt; wi\u0119cej informacji<\/a><\/div>\n\t\t<\/div>\n\t<\/div>\n\t<\/div>\n\n<\/div>\n<\/div>\n<\/section>","protected":false},"excerpt":{"rendered":"<p>\u2026 <a class=\"more-link\" href=\"https:\/\/higueron-estates.com\/pl\/kompleks\/\">Kontynuuj czytanie<\/a><\/p>","protected":false},"author":1,"featured_media":4313,"parent":0,"menu_order":3,"comment_status":"closed","ping_status":"closed","template":"","meta":{"footnotes":""},"class_list":["post-95","page","type-page","status-publish","has-post-thumbnail","hentry"],"yoast_head":"<!-- This site is optimized with the Yoast SEO plugin v26.0 - https:\/\/yoast.com\/wordpress\/plugins\/seo\/ -->\n<title>Higuer\u00f3n Resorts - Higuer\u00f3n Estates<\/title>\n<meta name=\"robots\" content=\"index, follow, max-snippet:-1, max-image-preview:large, max-video-preview:-1\" \/>\n<link rel=\"canonical\" href=\"https:\/\/higueron-estates.com\/pl\/kompleks\/\" \/>\n<meta property=\"og:locale\" content=\"pl_PL\" \/>\n<meta property=\"og:type\" content=\"article\" \/>\n<meta property=\"og:title\" content=\"Higuer\u00f3n Resorts - Higuer\u00f3n Estates\" \/>\n<meta property=\"og:url\" content=\"https:\/\/higueron-estates.com\/pl\/kompleks\/\" \/>\n<meta property=\"og:site_name\" content=\"Higuer\u00f3n Estates\" \/>\n<meta property=\"article:modified_time\" content=\"2023-07-10T15:35:48+00:00\" \/>\n<meta property=\"og:image\" content=\"https:\/\/higueron-estates.com\/wp-content\/uploads\/sites\/26\/2023\/03\/terrace_2.jpg\" \/>\n\t<meta property=\"og:image:width\" content=\"1600\" \/>\n\t<meta property=\"og:image:height\" content=\"706\" \/>\n\t<meta property=\"og:image:type\" content=\"image\/jpeg\" \/>\n<meta name=\"twitter:card\" content=\"summary_large_image\" \/>\n<meta name=\"twitter:label1\" content=\"Szacowany czas czytania\" \/>\n\t<meta name=\"twitter:data1\" content=\"4 minuty\" \/>\n<script type=\"application\/ld+json\" class=\"yoast-schema-graph\">{\"@context\":\"https:\/\/schema.org\",\"@graph\":[{\"@type\":\"WebPage\",\"@id\":\"https:\/\/higueron-estates.com\/het-complex\/\",\"url\":\"https:\/\/higueron-estates.com\/het-complex\/\",\"name\":\"Higuer\u00f3n Resorts - Higuer\u00f3n Estates\",\"isPartOf\":{\"@id\":\"https:\/\/higueron-estates.com\/#website\"},\"primaryImageOfPage\":{\"@id\":\"https:\/\/higueron-estates.com\/het-complex\/#primaryimage\"},\"image\":{\"@id\":\"https:\/\/higueron-estates.com\/het-complex\/#primaryimage\"},\"thumbnailUrl\":\"https:\/\/higueron-estates.com\/wp-content\/uploads\/sites\/26\/2023\/03\/terrace_2.jpg\",\"datePublished\":\"2022-01-27T10:58:29+00:00\",\"dateModified\":\"2023-07-10T15:35:48+00:00\",\"breadcrumb\":{\"@id\":\"https:\/\/higueron-estates.com\/het-complex\/#breadcrumb\"},\"inLanguage\":\"pl-PL\",\"potentialAction\":[{\"@type\":\"ReadAction\",\"target\":[\"https:\/\/higueron-estates.com\/het-complex\/\"]}]},{\"@type\":\"ImageObject\",\"inLanguage\":\"pl-PL\",\"@id\":\"https:\/\/higueron-estates.com\/het-complex\/#primaryimage\",\"url\":\"https:\/\/higueron-estates.com\/wp-content\/uploads\/sites\/26\/2023\/03\/terrace_2.jpg\",\"contentUrl\":\"https:\/\/higueron-estates.com\/wp-content\/uploads\/sites\/26\/2023\/03\/terrace_2.jpg\",\"width\":1600,\"height\":706},{\"@type\":\"BreadcrumbList\",\"@id\":\"https:\/\/higueron-estates.com\/het-complex\/#breadcrumb\",\"itemListElement\":[{\"@type\":\"ListItem\",\"position\":1,\"name\":\"Home\",\"item\":\"https:\/\/higueron-estates.com\/\"},{\"@type\":\"ListItem\",\"position\":2,\"name\":\"Higuer\u00f3n Resorts\"}]},{\"@type\":\"WebSite\",\"@id\":\"https:\/\/higueron-estates.com\/#website\",\"url\":\"https:\/\/higueron-estates.com\/\",\"name\":\"Higuer\u00f3n Estates\",\"description\":\"\",\"potentialAction\":[{\"@type\":\"SearchAction\",\"target\":{\"@type\":\"EntryPoint\",\"urlTemplate\":\"https:\/\/higueron-estates.com\/?s={search_term_string}\"},\"query-input\":{\"@type\":\"PropertyValueSpecification\",\"valueRequired\":true,\"valueName\":\"search_term_string\"}}],\"inLanguage\":\"pl-PL\"}]}<\/script>\n<!-- \/ Yoast SEO plugin. -->","yoast_head_json":{"title":"Higueron Resorts - Higueron Estates","robots":{"index":"index","follow":"follow","max-snippet":"max-snippet:-1","max-image-preview":"max-image-preview:large","max-video-preview":"max-video-preview:-1"},"canonical":"https:\/\/higueron-estates.com\/pl\/kompleks\/","og_locale":"pl_PL","og_type":"article","og_title":"Higuer\u00f3n Resorts - Higuer\u00f3n Estates","og_url":"https:\/\/higueron-estates.com\/pl\/kompleks\/","og_site_name":"Higuer\u00f3n Estates","article_modified_time":"2023-07-10T15:35:48+00:00","og_image":[{"width":1600,"height":706,"url":"https:\/\/higueron-estates.com\/wp-content\/uploads\/sites\/26\/2023\/03\/terrace_2.jpg","type":"image\/jpeg"}],"twitter_card":"summary_large_image","twitter_misc":{"Szacowany czas czytania":"4 minuty"},"schema":{"@context":"https:\/\/schema.org","@graph":[{"@type":"WebPage","@id":"https:\/\/higueron-estates.com\/het-complex\/","url":"https:\/\/higueron-estates.com\/het-complex\/","name":"Higueron Resorts - Higueron Estates","isPartOf":{"@id":"https:\/\/higueron-estates.com\/#website"},"primaryImageOfPage":{"@id":"https:\/\/higueron-estates.com\/het-complex\/#primaryimage"},"image":{"@id":"https:\/\/higueron-estates.com\/het-complex\/#primaryimage"},"thumbnailUrl":"https:\/\/higueron-estates.com\/wp-content\/uploads\/sites\/26\/2023\/03\/terrace_2.jpg","datePublished":"2022-01-27T10:58:29+00:00","dateModified":"2023-07-10T15:35:48+00:00","breadcrumb":{"@id":"https:\/\/higueron-estates.com\/het-complex\/#breadcrumb"},"inLanguage":"pl-PL","potentialAction":[{"@type":"ReadAction","target":["https:\/\/higueron-estates.com\/het-complex\/"]}]},{"@type":"ImageObject","inLanguage":"pl-PL","@id":"https:\/\/higueron-estates.com\/het-complex\/#primaryimage","url":"https:\/\/higueron-estates.com\/wp-content\/uploads\/sites\/26\/2023\/03\/terrace_2.jpg","contentUrl":"https:\/\/higueron-estates.com\/wp-content\/uploads\/sites\/26\/2023\/03\/terrace_2.jpg","width":1600,"height":706},{"@type":"BreadcrumbList","@id":"https:\/\/higueron-estates.com\/het-complex\/#breadcrumb","itemListElement":[{"@type":"ListItem","position":1,"name":"Home","item":"https:\/\/higueron-estates.com\/"},{"@type":"ListItem","position":2,"name":"Higuer\u00f3n Resorts"}]},{"@type":"WebSite","@id":"https:\/\/higueron-estates.com\/#website","url":"https:\/\/higueron-estates.com\/","name":"Posiad\u0142o\u015bci Higueron","description":"","potentialAction":[{"@type":"SearchAction","target":{"@type":"EntryPoint","urlTemplate":"https:\/\/higueron-estates.com\/?s={search_term_string}"},"query-input":{"@type":"PropertyValueSpecification","valueRequired":true,"valueName":"search_term_string"}}],"inLanguage":"pl-PL"}]}},"_links":{"self":[{"href":"https:\/\/higueron-estates.com\/pl\/wp-json\/wp\/v2\/pages\/95","targetHints":{"allow":["GET"]}}],"collection":[{"href":"https:\/\/higueron-estates.com\/pl\/wp-json\/wp\/v2\/pages"}],"about":[{"href":"https:\/\/higueron-estates.com\/pl\/wp-json\/wp\/v2\/types\/page"}],"author":[{"embeddable":true,"href":"https:\/\/higueron-estates.com\/pl\/wp-json\/wp\/v2\/users\/1"}],"replies":[{"embeddable":true,"href":"https:\/\/higueron-estates.com\/pl\/wp-json\/wp\/v2\/comments?post=95"}],"version-history":[{"count":49,"href":"https:\/\/higueron-estates.com\/pl\/wp-json\/wp\/v2\/pages\/95\/revisions"}],"predecessor-version":[{"id":4411,"href":"https:\/\/higueron-estates.com\/pl\/wp-json\/wp\/v2\/pages\/95\/revisions\/4411"}],"wp:featuredmedia":[{"embeddable":true,"href":"https:\/\/higueron-estates.com\/pl\/wp-json\/wp\/v2\/media\/4313"}],"wp:attachment":[{"href":"https:\/\/higueron-estates.com\/pl\/wp-json\/wp\/v2\/media?parent=95"}],"curies":[{"name":"wp","href":"https:\/\/api.w.org\/{rel}","templated":true}]}}